{"id":5311,"date":"2022-07-12T09:55:26","date_gmt":"2022-07-12T14:55:26","guid":{"rendered":"https:\/\/wp.stolaf.edu\/flaten\/?page_id=5311"},"modified":"2023-06-07T08:20:23","modified_gmt":"2023-06-07T13:20:23","slug":"regan-golden-grow-closer","status":"publish","type":"page","link":"https:\/\/wp.stolaf.edu\/flaten\/regan-golden-grow-closer\/","title":{"rendered":"Regan Golden: Grow Closer"},"content":{"rendered":"<div data-modular-content-collection><p><strong><img loading=\"lazy\" decoding=\"async\" data-attachment-id=\"5329\" data-permalink=\"https:\/\/wp.stolaf.edu\/flaten\/exhibition-archives\/2022-2023-exhibitions\/yellow_prairie_07_shopped_13x16\/\" data-orig-file=\"https:\/\/wp.stolaf.edu\/flaten\/files\/2022\/07\/yellow_prairie_07_shopped_13x16.jpg\" data-orig-size=\"2080,2560\" data-comments-opened=\"0\" data-image-meta=\"{&quot;aperture&quot;:&quot;0&quot;,&quot;credit&quot;:&quot;&quot;,&quot;camera&quot;:&quot;&quot;,&quot;caption&quot;:&quot;&quot;,&quot;created_timestamp&quot;:&quot;0&quot;,&quot;copyright&quot;:&quot;&quot;,&quot;focal_length&quot;:&quot;0&quot;,&quot;iso&quot;:&quot;0&quot;,&quot;shutter_speed&quot;:&quot;0&quot;,&quot;title&quot;:&quot;&quot;,&quot;orientation&quot;:&quot;0&quot;}\" data-image-title=\"yellow_prairie_07_shopped_13x16\" data-image-description=\"\" data-image-caption=\"\" data-large-file=\"https:\/\/wp.stolaf.edu\/flaten\/files\/2022\/07\/yellow_prairie_07_shopped_13x16-832x1024.jpg\" class=\"aligncenter wp-image-5329 size-full\" src=\"https:\/\/wp.stolaf.edu\/flaten\/files\/2022\/07\/yellow_prairie_07_shopped_13x16.jpg\" alt=\"\" width=\"2080\" height=\"2560\" \/><\/strong><\/p>\n<h3><strong>Regan Golden: Grow Closer<br \/>\n<\/strong>September 9 \u2013 December 9, 2022<\/h3>\n<p><span style=\"font-weight: 400;\">Closed October 15\u201318 and November 23-27 for college breaks<\/span><\/p>\n<p>Regan Golden describes collage as unruly, unfinished and undisciplined\u2014the perfect medium for reflecting life during a pandemic. Golden\u2019s immersive large-scale collages in <em>Grow Closer<\/em> are a progression through the four seasons, cultivating an awareness of the landscape from the perspective of a gardener, parent, citizen, teacher and artist.<\/p>\n<p>Golden\u2019s collages resonate with the emotional tenor of the place she calls home. Her relationship to the land is shaped by indigenous authors, ecologists, and community activists in her neighborhood who share stories of its history. Through the specificity of the wildness that immediately surrounds her Minneapolis home and by engaging with the landscape over the course of several years (elements of these collages were created as early as 2017), Golden\u2019s work reflects Minnesota\u2019s dramatic seasonal rhythms and a changing climate.<\/p>\n<p>By cutting, rearranging, and scanning her material, she creates digital photographs that explode a frame usually enforced by a viewfinder or the edge of the page. The resulting images and sweeping compositions express a relationship with landscape that is temporal, dynamic and fully engaged. Ultimately, the plants she observes over time give her confidence in the resilience of nature and hope for the future.<\/p>\n<p>While the exhibition\u2019s visual language centers seasonal change in the natural world, there is an important subtext to consider: each of us creates our own collage of relationships, work, home life, community engagement, and more. The overlapping\u2014and sometimes even messy and chaotic\u2014facets of our lives do not fit easily into compartmentalized frames. <em>Grow Closer<\/em> serves as an invitation to grow closer to ourselves and our environments.<\/p>\n<p>This exhibition is engaged with and displayed on occupied <a href=\"https:\/\/native-land.ca\/maps\/territories\/oceti-sakowin-sioux\/\">O\u010deti \u0160ak\u00f3win and Wahpekute<\/a> land now known as Minneapolis and Northfield, Minnesota.<\/p>\n<h3><strong>Programming<\/strong><\/h3>\n<p><strong>Friday, September 16<br \/>\n<\/strong>5-7 p.m. Opening Reception | Flaten Art Museum<br \/>\nAll are invited to an opening reception with artist Regan Golden. This event is open to the public. Visitors are required to be fully vaccinated and boosted for COVID-19. Masks are recommended.<\/p>\n<p><strong>Tuesday, September 27<\/strong><br \/>\n6 p.m. Artist Talk with Regan Golden | Viking Theater, Buntrock Commons<br \/>\nGolden will trace the development of her work on view in <em>Grow Closer<\/em>. This event is open to the public. Visitors are required to be fully vaccinated and boosted for COVID-19. Masks are recommended.<\/p>\n<div class=\"wp-embed wp-embed--lazy\">\n<div class=\"wp-embed-wrap\">\n<figure class=\"wp-embed-lazy\" data-js=\"lazyload-embed\" data-embed-provider=\"st. olaf college\" > \t<a href=\"http:\/\/https:\/\/www.stolaf.edu\/multimedia\/play\/?e=4051\" data-embed-href=\"https:\/\/www.stolaf.edu\/multimedia\/play\/embed\/e4051?autoplay=1\" class=\"wp-embed-lazy__trigger\" data-js=\"lazyload-trigger\" title=\"Flaten Art Museum Artist Talk\" data-embed-id=\"e4051\"> \t\t<img decoding=\"async\" class=\"wp-embed-lazy__image lazyload\" loading=\"lazy\" src=\"https:\/\/www.stolaf.edu\/multimedia\/components\/poster\/e4051\" alt=\"Flaten Art Museum Artist Talk\" \/><figcaption class=\"wp-embed-lazy__caption\"> \t\t\t<i class=\"wp-embed-lazy__icon icon icon-play\"><\/i> \t\t\t<span class=\"wp-embed-lazy__trigger-label\">Play Video<\/span> \t\t\t<span class=\"wp-embed-lazy__title\">Flaten Art Museum Artist Talk<\/span> \t\t<\/figcaption><\/a> <\/figure>\n<\/div>\n<\/div>\n<p><strong>Friday, December 9<\/strong><br \/>\n3-5 p.m Collab and Collage | Flaten Art Museum<\/p>\n<p><span style=\"font-weight: 400;\">Join us in the making of a collaborative collage inspired by Regan Golden\u2019s<\/span><i><span style=\"font-weight: 400;\"> Grow Closer<\/span><\/i><span style=\"font-weight: 400;\"> exhibition. Stop by and stay for as long as you wish. Warm beverages and snacks will be provided. <\/span>This event is open to the public. Visitors are required to be fully vaccinated and boosted for COVID-19. Masks are recommended.<\/p>\n<h3><strong>About the Artist\u00a0<\/strong><\/h3>\n<p><a href=\"https:\/\/regangolden.com\/home.html\">Regan Golden<\/a> is an artist, teacher, and writer based on occupied O\u010deti \u0160ak\u00f3win and Wahpekute land now known as Minneapolis, MN. Over the past decade, Golden&#8217;s work has focused on urban plants as a source of healing, joy, and a way of understanding the impact of climate change locally. Her work has been exhibited nationally and internationally at such venues as the Museum of Contemporary Photography in Chicago, IL; Lawndale Art Center in Houston, TX; Gallery 44: Centre for Contemporary Photography in Toronto, ON; Cue Foundation in New York, NY; the Rochester Art Center in Rochester, MN; Soo Visual Art Center in Minneapolis, MN. Golden&#8217;s essays and reviews have appeared in publications including New City,\u00a0Modern Painters, Art Lies, March Journal of Art &amp; Strategy, and MNArtists. In Fall 2021 Regan Golden joined the full-time faculty at the Minneapolis College of Art and Design as an Assistant Professor in Fine Arts.<\/p>\n<h3><strong>Acknowledgements<\/strong><\/h3>\n<p>This exhibition is generously supported by the Glen H. and Shirley Beito Gronlund Annual Exhibition Series Fund at St. Olaf College.<\/p>\n<p><!-- begin-migrated-from-panel-builder --><!-- end-migrated-from-panel-builder --><\/p>\n<\/div>","protected":false},"excerpt":{"rendered":"<p>Regan Golden: Grow Closer September 9 \u2013 December 9, 2022 Closed October 15\u201318 and November 23-27 for college breaks Regan Golden describes collage as unruly, unfinished and undisciplined\u2014the perfect medium [&hellip;]<\/p>\n","protected":false},"author":6048,"featured_media":0,"parent":0,"menu_order":0,"comment_status":"closed","ping_status":"closed","template":"","meta":{"_acf_changed":false,"footnotes":""},"class_list":["post-5311","page","type-page","status-publish","hentry"],"acf":[],"jetpack_sharing_enabled":true,"_links":{"self":[{"href":"https:\/\/wp.stolaf.edu\/flaten\/wp-json\/wp\/v2\/pages\/5311","targetHints":{"allow":["GET"]}}],"collection":[{"href":"https:\/\/wp.stolaf.edu\/flaten\/wp-json\/wp\/v2\/pages"}],"about":[{"href":"https:\/\/wp.stolaf.edu\/flaten\/wp-json\/wp\/v2\/types\/page"}],"author":[{"embeddable":true,"href":"https:\/\/wp.stolaf.edu\/flaten\/wp-json\/wp\/v2\/users\/6048"}],"replies":[{"embeddable":true,"href":"https:\/\/wp.stolaf.edu\/flaten\/wp-json\/wp\/v2\/comments?post=5311"}],"version-history":[{"count":24,"href":"https:\/\/wp.stolaf.edu\/flaten\/wp-json\/wp\/v2\/pages\/5311\/revisions"}],"predecessor-version":[{"id":6014,"href":"https:\/\/wp.stolaf.edu\/flaten\/wp-json\/wp\/v2\/pages\/5311\/revisions\/6014"}],"wp:attachment":[{"href":"https:\/\/wp.stolaf.edu\/flaten\/wp-json\/wp\/v2\/media?parent=5311"}],"curies":[{"name":"wp","href":"https:\/\/api.w.org\/{rel}","templated":true}]}}