{"id":1293,"date":"2009-12-03T15:15:39","date_gmt":"2009-12-03T21:15:39","guid":{"rendered":"https:\/\/wp.stolaf.edu\/french\/activities\/maison\/"},"modified":"2023-06-07T08:20:58","modified_gmt":"2023-06-07T13:20:58","slug":"maison","status":"publish","type":"page","link":"https:\/\/wp.stolaf.edu\/french\/maison\/","title":{"rendered":"La Maison Francophone"},"content":{"rendered":"<div data-modular-content-collection><p align=\"left\">At <em>Maison francophone<\/em>, students of French benefit from an immersive language and culture environment. Each year, a French language assistant resides in the house alongside multiple students of French. Together, the assistant and students work to establish a francophone community, one that promotes the knowledge and appreciation of French language and culture.<\/p>\n<p>Vivre au sein de la Maison francophone offre de nombreux avantages. Pratiquer son fran\u00e7ais est bien sur le plus important. Il fait bon vivre \u00e0 la maison fran\u00e7aise\u00a0; on rencontre de nouvelles personnes et on construit ensemble une communaut\u00e9. Il y a un(e) assistant(e) francophone qui est l\u00e0 pour toute l\u2019ann\u00e9e. Il\/elle partage ses connaissances culinaires (parfois la culture), et bien entendu sa langue maternelle pour cr\u00e9er une ambiance francophone dans la maison.<\/p>\n<p style=\"text-align: center;\">\n<p><!-- begin-migrated-from-panel-builder --><!-- end-migrated-from-panel-builder --><\/p>\n<\/div>","protected":false},"excerpt":{"rendered":"<p>At Maison francophone, students of French benefit from an immersive language and culture environment. Each year, a French language assistant resides in the house alongside multiple students of French. Together, [&hellip;]<\/p>\n","protected":false},"author":111,"featured_media":2170,"parent":0,"menu_order":0,"comment_status":"closed","ping_status":"closed","template":"","meta":{"_acf_changed":false,"footnotes":""},"class_list":["post-1293","page","type-page","status-publish","has-post-thumbnail","hentry"],"acf":[],"jetpack_sharing_enabled":true,"_links":{"self":[{"href":"https:\/\/wp.stolaf.edu\/french\/wp-json\/wp\/v2\/pages\/1293","targetHints":{"allow":["GET"]}}],"collection":[{"href":"https:\/\/wp.stolaf.edu\/french\/wp-json\/wp\/v2\/pages"}],"about":[{"href":"https:\/\/wp.stolaf.edu\/french\/wp-json\/wp\/v2\/types\/page"}],"author":[{"embeddable":true,"href":"https:\/\/wp.stolaf.edu\/french\/wp-json\/wp\/v2\/users\/111"}],"replies":[{"embeddable":true,"href":"https:\/\/wp.stolaf.edu\/french\/wp-json\/wp\/v2\/comments?post=1293"}],"version-history":[{"count":12,"href":"https:\/\/wp.stolaf.edu\/french\/wp-json\/wp\/v2\/pages\/1293\/revisions"}],"predecessor-version":[{"id":2989,"href":"https:\/\/wp.stolaf.edu\/french\/wp-json\/wp\/v2\/pages\/1293\/revisions\/2989"}],"wp:featuredmedia":[{"embeddable":true,"href":"https:\/\/wp.stolaf.edu\/french\/wp-json\/wp\/v2\/media\/2170"}],"wp:attachment":[{"href":"https:\/\/wp.stolaf.edu\/french\/wp-json\/wp\/v2\/media?parent=1293"}],"curies":[{"name":"wp","href":"https:\/\/api.w.org\/{rel}","templated":true}]}}