{"id":74,"date":"2013-06-13T09:08:55","date_gmt":"2013-06-13T14:08:55","guid":{"rendered":"https:\/\/wp.stolaf.edu\/german\/?page_id=74"},"modified":"2025-12-02T15:15:16","modified_gmt":"2025-12-02T21:15:16","slug":"deutsches-haus","status":"publish","type":"page","link":"https:\/\/wp.stolaf.edu\/german\/deutsches-haus\/","title":{"rendered":"German Residential Learning Community"},"content":{"rendered":"<div data-modular-content-collection><p align=\"justify\"><a href=\"https:\/\/forms.gle\/jCzmhAyNsH1FJfUh7\"><strong>APPLICATION FOR 2026-2027 <\/strong><strong>Residenc<\/strong><strong>e (deadline Feb 20, 2026)<\/strong><\/a><\/p>\n<h3 align=\"justify\">German Residential Learning Community<br \/><em>deutschsprachige Wohngemeinschaft (WG)<\/em><\/h3>\n<p align=\"justify\">Students living in the German Residential Learning Community immerse themselves in German language and cultures, build close community through shared interest in German, and develop transferable skills including event planning, group leadership, public speaking, and budgeting. Students who have completed at least one year of German courses and native or heritage speakers of German can apply. A German student from the <a href=\"https:\/\/wp.stolaf.edu\/german\/semester-abroad\/\">University of Konstanz<\/a>, one of St. Olaf&#8217;s international exchange partners, will be among the residents. Students may live in the RLC for a year or for a semester (for example, before or after a semester of off-campus study). German RLC members play an important role in St. Olaf German learner community by hosting the weekly German Stammtisch as well as three large events per semester, and smaller events of their choosing. Beginning in 2026-27, all St. Olaf RLCs are housed in <a href=\"https:\/\/wp.stolaf.edu\/residencelife\/ytterboe\/\">Ytterboe Hall,<\/a> where students live in pods with a shared living room, plus access to a large communal kitchen and a large, reservable lounge area to hold events. The different language RLCs often collaborate to offer international cultural events.<\/p>\n<h4 align=\"justify\">Selection Priorities:<\/h4>\n<ol>\n<li>Quality of application:\n<ul>\n<li>demonstrates commitment to building inclusive community and promoting German language and cultural learning;<\/li>\n<li>thoroughness and thoughtfulness of responses, ideas for compelling activities, transferrable skills\/experiences;<\/li>\n<\/ul>\n<\/li>\n<li>German course level \/ speaking ability at GERM 112+\n<ul>\n<li>alternatively: enrollment in GERM 111&amp;112 during year of German RLC residence;<\/li>\n<\/ul>\n<\/li>\n<li>Commitment to taking further German courses;<\/li>\n<li>German majors and German Studies concentrators;<\/li>\n<li>Returning from study abroad or planning to study abroad in a German-speaking country.<\/li>\n<\/ol>\n<p>The German Department is dedicated to building a community of diverse identities. BIPOC, LGBTQ+, and differently-abled students are encouraged to apply.<\/p>\n<h3>German RLC Statement of Commitment:<\/h3>\n<p>German RLC residents commit to:<\/p>\n<ul>\n<li>fostering belonging for all students and engaging in critical discussion of German Studies;<\/li>\n<li>actively working to integrate German language and culture into community life by speaking German in the residence, at the weekly German conversation table (Stammtisch), and at monthly events organized and hosted by the residents;<\/li>\n<li>working equitably with fellow residents to plan, advertise, and host monthly events at or sponsored by the German RLC;<\/li>\n<li>meeting weekly to share ideas and discuss any concerns pertinent to the German RLC;<\/li>\n<li>electing a German RLC president who regularly briefs the German faculty on RLC activities.<\/li>\n<\/ul>\n<p style=\"text-align: right;\" align=\"justify\">Updated November 2025<\/p>\n<p><!-- begin-migrated-from-panel-builder --><\/p>\n\n\t\t\t<div\n\t\t\tclass=\"site-section site-panel__masonry_gallery panel panel-masonry_gallery site-section__bg--normal\"\n\t\t\tdata-depth=\"\"\n\t\t\tdata-js-panel=\"masonry-gallery\"\n\t\t>\n\t\n\t\t\t<div class=\"site-section__inner l-wrapper  masonry-gallery\">\n\t\n\t\n\t\t\n\t\n\t\n\t<div class=\"site-grid site-grid__layout site-grid__layout--weighted-right\">\n\n\t\t\t\t\t<div class=\"c-content-block c-content-block--1\">\n\t\t\t\t<figure  class=\"c-content-block__img\"><img decoding=\"async\" class=\"\" alt=\"Weihnachten\" src=\"https:\/\/wp.stolaf.edu\/german\/files\/2020\/05\/IMG_1416-600x600.jpg\" sizes=\"(min-width: 960px) 50vw, \n100vw\" srcset=\"https:\/\/wp.stolaf.edu\/german\/files\/2020\/05\/IMG_1416-520x300.jpg 520w, \nhttps:\/\/wp.stolaf.edu\/german\/files\/2020\/05\/IMG_1416-600x600.jpg 600w\" loading=\"lazy\" \/><\/figure>\n\n\t\t\t\t<span class=\"c-content-block__preview u-cc-orange\">\n\t\t\t\t\tBacken und Kochen\n\n\t\t\t\t\t\t\t\t\t<\/span>\n\n\t\t\t\t<div class=\"c-content-block__wrap u-cc-orange\">\n\t\t\t\t\t<div class=\"c-content-block__content\">\n\t\t\t\t\t\t<h2 class=\"c-content-block__title\">Backen und Kochen<\/h2>\n\t\t\t\t\t\t<p class=\"c-content-block__desc\"><p>Decorating Butterpl\u00e4tzchen together is among the favorite German RLC wintertime traditions. Sp\u00e4tzle, rote Gr\u00fctze, and Kartoffelpuffer are also frequently on the menu at cooking events.<\/p>\n<\/p>\n\n\t\t\t\t\t\t\t\t\t\t\t<\/div>\n\t\t\t\t<\/div>\n\t\t\t<\/div>\n\t\t\t\t\t<div class=\"c-content-block c-content-block--2\">\n\t\t\t\t<figure  class=\"c-content-block__img\"><img decoding=\"async\" class=\"\" alt=\"Swiss Bliss\" src=\"https:\/\/wp.stolaf.edu\/german\/files\/2020\/05\/P1130023-600x350.jpg\" sizes=\"(min-width: 960px) 50vw, \n100vw\" srcset=\"https:\/\/wp.stolaf.edu\/german\/files\/2020\/05\/P1130023-520x300.jpg 520w, \nhttps:\/\/wp.stolaf.edu\/german\/files\/2020\/05\/P1130023-600x350.jpg 600w\" loading=\"lazy\" \/><\/figure>\n\n\t\t\t\t<span class=\"c-content-block__preview u-cc-mint\">\n\t\t\t\t\tAustausch\n\n\t\t\t\t\t\t\t\t\t<\/span>\n\n\t\t\t\t<div class=\"c-content-block__wrap u-cc-mint\">\n\t\t\t\t\t<div class=\"c-content-block__content\">\n\t\t\t\t\t\t<h2 class=\"c-content-block__title\">Austausch<\/h2>\n\t\t\t\t\t\t<p class=\"c-content-block__desc\"><p>The German RLC often collaborates with other language RLCs for joint events, such as the &#8220;Swiss Bliss&#8221; touring fondue party with the French RLC or the outdoor Maifest with Norwegian and Russian RLCs.<\/p>\n<\/p>\n\n\t\t\t\t\t\t\t\t\t\t\t<\/div>\n\t\t\t\t<\/div>\n\t\t\t<\/div>\n\t\t\t\t\t<div class=\"c-content-block c-content-block--3\">\n\t\t\t\t<figure  class=\"c-content-block__img\"><img decoding=\"async\" class=\"\" alt=\"Deutsches Haus 2018-19\" src=\"https:\/\/wp.stolaf.edu\/german\/files\/2019\/12\/Deutsches_Haus-600x350.jpg\" sizes=\"(min-width: 960px) 50vw, \n100vw\" srcset=\"https:\/\/wp.stolaf.edu\/german\/files\/2019\/12\/Deutsches_Haus-520x300.jpg 520w, \nhttps:\/\/wp.stolaf.edu\/german\/files\/2019\/12\/Deutsches_Haus-600x350.jpg 600w\" loading=\"lazy\" \/><\/figure>\n\n\t\t\t\t<span class=\"c-content-block__preview u-cc-navy\">\n\t\t\t\t\tGemeinschaft\n\n\t\t\t\t\t\t\t\t\t<\/span>\n\n\t\t\t\t<div class=\"c-content-block__wrap u-cc-navy\">\n\t\t\t\t\t<div class=\"c-content-block__content\">\n\t\t\t\t\t\t<h2 class=\"c-content-block__title\">Gemeinschaft<\/h2>\n\t\t\t\t\t\t<p class=\"c-content-block__desc\"><p>German RLC residents live in an intimate community immersed in German language and culture. A exchange student from the University of Konstanz is always one of the residents, and sometimes Martin Luther comes by for events.<\/p>\n<\/p>\n\n\t\t\t\t\t\t\t\t\t\t\t<\/div>\n\t\t\t\t<\/div>\n\t\t\t<\/div>\n\t\t\t\t\t<div class=\"c-content-block c-content-block--4\">\n\t\t\t\t<figure  class=\"c-content-block__img\"><img decoding=\"async\" class=\"\" alt=\"German_House_Oktoberfest_2016\" src=\"https:\/\/wp.stolaf.edu\/german\/files\/2020\/05\/German_House_Oktoberfest_2016-600x600.jpg\" sizes=\"(min-width: 960px) 50vw, \n100vw\" srcset=\"https:\/\/wp.stolaf.edu\/german\/files\/2020\/05\/German_House_Oktoberfest_2016-520x300.jpg 520w, \nhttps:\/\/wp.stolaf.edu\/german\/files\/2020\/05\/German_House_Oktoberfest_2016-600x600.jpg 600w\" loading=\"lazy\" \/><\/figure>\n\n\t\t\t\t<span class=\"c-content-block__preview u-cc-purple\">\n\t\t\t\t\tFeiern\n\n\t\t\t\t\t\t\t\t\t<\/span>\n\n\t\t\t\t<div class=\"c-content-block__wrap u-cc-purple\">\n\t\t\t\t\t<div class=\"c-content-block__content\">\n\t\t\t\t\t\t<h2 class=\"c-content-block__title\">Feiern<\/h2>\n\t\t\t\t\t\t<p class=\"c-content-block__desc\"><p>What German RLC would be complete without an Oktoberfest celebration? But our events are hardly restricted to one German cultural area. RLC residents regularly plan events that explore diverse German dialects, regional festivals, and everyday life in different parts of the German-speaking world.<\/p>\n<\/p>\n\n\t\t\t\t\t\t\t\t\t\t\t<\/div>\n\t\t\t\t<\/div>\n\t\t\t<\/div>\n\t\t\n\t<\/div>\n\n\n\t\t\t\t\n\t\t\t<\/div>\n\t\n\t\t\t<\/div>\n\t\n\n\n<p><!-- end-migrated-from-panel-builder --><\/p><\/div>","protected":false},"excerpt":{"rendered":"<p>APPLICATION FOR 2026-2027 Residence (deadline Feb 20, 2026) German Residential Learning Communitydeutschsprachige Wohngemeinschaft (WG) Students living in the German Residential Learning Community immerse themselves in German language and cultures, build [&hellip;]<\/p>\n","protected":false},"author":209,"featured_media":0,"parent":0,"menu_order":0,"comment_status":"closed","ping_status":"closed","template":"","meta":{"_acf_changed":false,"footnotes":""},"class_list":["post-74","page","type-page","status-publish","hentry"],"acf":[],"jetpack_sharing_enabled":true,"_links":{"self":[{"href":"https:\/\/wp.stolaf.edu\/german\/wp-json\/wp\/v2\/pages\/74","targetHints":{"allow":["GET"]}}],"collection":[{"href":"https:\/\/wp.stolaf.edu\/german\/wp-json\/wp\/v2\/pages"}],"about":[{"href":"https:\/\/wp.stolaf.edu\/german\/wp-json\/wp\/v2\/types\/page"}],"author":[{"embeddable":true,"href":"https:\/\/wp.stolaf.edu\/german\/wp-json\/wp\/v2\/users\/209"}],"replies":[{"embeddable":true,"href":"https:\/\/wp.stolaf.edu\/german\/wp-json\/wp\/v2\/comments?post=74"}],"version-history":[{"count":62,"href":"https:\/\/wp.stolaf.edu\/german\/wp-json\/wp\/v2\/pages\/74\/revisions"}],"predecessor-version":[{"id":3023,"href":"https:\/\/wp.stolaf.edu\/german\/wp-json\/wp\/v2\/pages\/74\/revisions\/3023"}],"wp:attachment":[{"href":"https:\/\/wp.stolaf.edu\/german\/wp-json\/wp\/v2\/media?parent=74"}],"curies":[{"name":"wp","href":"https:\/\/api.w.org\/{rel}","templated":true}]}}