{"id":64,"date":"2023-08-09T16:27:48","date_gmt":"2023-08-09T21:27:48","guid":{"rendered":"https:\/\/wp.stolaf.edu\/library\/?page_id=64"},"modified":"2025-04-09T10:54:37","modified_gmt":"2025-04-09T15:54:37","slug":"rolvaag-library","status":"publish","type":"page","link":"https:\/\/wp.stolaf.edu\/library\/rolvaag-library\/","title":{"rendered":"Rolvaag Memorial Library"},"content":{"rendered":"<div data-modular-content-collection>\n<figure class=\"wp-block-image size-full is-resized\"><img loading=\"lazy\" decoding=\"async\" width=\"800\" height=\"225\" src=\"https:\/\/wp.stolaf.edu\/library\/files\/2023\/08\/rolvaag_library.jpg\" alt=\"A view of the front entrance of Rolvaag Library in the snow.\" class=\"wp-image-232\" style=\"width:956px;height:auto\"\/><\/figure>\n\n\n\n<div style=\"height:2em\" aria-hidden=\"true\" class=\"wp-block-spacer\"><\/div>\n\n\n\n<h3 class=\"wp-block-heading\">Rolvaag Research Resources<\/h3>\n\n\n\n<p>Our catalog, databases, and digital collections can be searched from the&nbsp;<a href=\"https:\/\/wp.stolaf.edu\/library\/\" data-type=\"page\" data-id=\"5\">Libraries&#8217; homepage<\/a>.<\/p>\n\n\n\n<h3 class=\"wp-block-heading\">Library Hours<\/h3>\n\n\n<span data-fetch-shortcode data-code=\"mbhi_hours\" data-arguments=\"bG9jYXRpb249IlJvbHZhYWcgTGlicmFyeSIgZm9ybWF0PSIxMiIgZGlzcGxheT0ibm9ybWFsIiBvdXRwdXQ9InRhYmxlIiBpbmNsdWRlaG9saWRheXM9ImZhbHNlIiBpbmNsdWRldmFjYXRpb25zPSJmYWxzZSIgYWJicmV2aWF0ZWRheXM9ImZhbHNlIiBjb25zb2xpZGF0aW9uc2VwYXJhdG9yPSIgLSAiIGhvdXJzZXBhcmF0b3I9IiAtICIgZW50cnlzZXBhcmF0b3I9IiwgIiBtaGJyPSJ0cnVlIiBzaG93b25seXRvZGF5PSIiIGRheWVudHJ5c2VwYXJhdG9yPSIgIiByZW1vdmV6ZXJvZXM9ImZhbHNlIiBzZW89ImZhbHNlIiBoZWFkZXI9ImZhbHNlIiAgaGlkZV9ob3Vycz0iZmFsc2UiIHN0YXJ0b25zdW5kYXk9ImZhbHNlIiBleHRyYV9jbGFzc2VzPSIiIGRhdGVzX2luX3Bhc3Q9InRydWUiIHJlcGxhY2Vfd2l0aF9zcGVjaWFscz0idHJ1ZSIgcmVwbGFjZV93aXRoX3ZhY2F0aW9ucz0iZmFsc2UiIGRhdGVfZm9ybWF0PSJkYXkgZmlyc3QiIHJlcGxhY2VkX3ZhY2F0aW9uc19mb3JtYXQ9IntkYXl9ICh7bmFtZX0pIiByZXBsYWNlZF9zcGVjaWFsc19mb3JtYXQ9IntkYXl9ICh7bmFtZX0pIiBpbmNsdWRlZF92YWNhdGlvbnNfZm9ybWF0PSJ7ZnJvbV9kYXlfb2ZfbW9udGh9IHtmcm9tX21vbnRoX3Nob3J0fSAtIHt0b19kYXlfb2ZfbW9udGh9IHt0b19tb250aF9zaG9ydH0iIGluY2x1ZGVkX3NwZWNpYWxzX2Zvcm1hdD0ie2RheV9vZl9tb250aH0ge21vbnRoX3Nob3J0fSIgZGF5X2Zvcm1hdD0ie2RheX0iIHZpZXc9Im5vcm1hbCIgcm9sbG92ZXI9ImZhbHNlIiByb2xsb3Zlcl9mcm9tPSIzMCIgcm9sbG92ZXJfdG89IjE0Ig==\">Loading...<\/span>\n\n\n\n<h3 class=\"wp-block-heading\">Library Maps<\/h3>\n\n\n\n<p>Rolvaag Library\u00a0is connected to Buntrock Commons on the east side of campus. The library is 5 and a half levels, with collections and services distributed as follows:<\/p>\n\n\n<h2 id=\"tablepress-7-name\" class=\"tablepress-table-name tablepress-table-name-id-7\">Library Maps<\/h2>\n\n<table id=\"tablepress-7\" class=\"tablepress tablepress-id-7\" aria-labelledby=\"tablepress-7-name\">\n<tbody class=\"row-hover\">\n<tr class=\"row-1 odd\">\n\t<td class=\"column-1\">Call Numbers starting A - HG<\/td><td class=\"column-2\"><a href=\"https:\/\/wp.stolaf.edu\/library\/files\/2023\/08\/level_5.jpg\">Level 5<\/a><\/td>\n<\/tr>\n<tr class=\"row-2 even\">\n\t<td class=\"column-1\">Call Numbers starting HJ - N<\/td><td class=\"column-2\"><a href=\"https:\/\/wp.stolaf.edu\/library\/files\/2023\/08\/level_4.jpg\">Level 4<\/a><\/td>\n<\/tr>\n<tr class=\"row-3 odd\">\n\t<td class=\"column-1\">Call Numbers starting P - Z<\/td><td class=\"column-2\"><a href=\"https:\/\/wp.stolaf.edu\/library\/files\/2023\/08\/level_2.jpg\">Level 2<\/a><\/td>\n<\/tr>\n<tr class=\"row-4 even\">\n\t<td class=\"column-1\">Call Numbers starting M<\/td><td class=\"column-2\">Located in the <a href=\"https:\/\/wp.stolaf.edu\/library\/files\/2023\/08\/music_map.jpg\">Music Library<\/a><\/td>\n<\/tr>\n<tr class=\"row-5 odd\">\n\t<td class=\"column-1\">Oversize Books<\/td><td class=\"column-2\"><a href=\"https:\/\/wp.stolaf.edu\/library\/files\/2023\/08\/level_3_5.jpg\">Level 3 1\/2<\/a><\/td>\n<\/tr>\n<tr class=\"row-6 even\">\n\t<td class=\"column-1\">Periodicals<\/td><td class=\"column-2\"><a href=\"https:\/\/wp.stolaf.edu\/library\/files\/2023\/08\/level_1.jpg\">Level 1<\/a><\/td>\n<\/tr>\n<tr class=\"row-7 odd\">\n\t<td class=\"column-1\">Music Periodicals<\/td><td class=\"column-2\"><a href=\"https:\/\/wp.stolaf.edu\/library\/files\/2023\/08\/level_1.jpg\">Level 1<\/a><\/td>\n<\/tr>\n<tr class=\"row-8 even\">\n\t<td class=\"column-1\">Genealogy Materials<\/td><td class=\"column-2\"><a href=\"https:\/\/wp.stolaf.edu\/library\/files\/2023\/08\/level_3.jpg\">Level 3<\/a><\/td>\n<\/tr>\n<tr class=\"row-9 odd\">\n\t<td class=\"column-1\">Reference Collection<\/td><td class=\"column-2\"><a href=\"https:\/\/wp.stolaf.edu\/library\/files\/2023\/08\/level_3.jpg\">Level 3<\/a><\/td>\n<\/tr>\n<tr class=\"row-10 even\">\n\t<td class=\"column-1\">DVDs<\/td><td class=\"column-2\">Media Room <a href=\"https:\/\/wp.stolaf.edu\/library\/files\/2023\/08\/level_3.jpg\">Level 3<\/a><\/td>\n<\/tr>\n<tr class=\"row-11 odd\">\n\t<td class=\"column-1\">Music Recordings<\/td><td class=\"column-2\">Located in the <a href=\"https:\/\/wp.stolaf.edu\/library\/files\/2023\/08\/music_map.jpg\">Music Library<\/a><\/td>\n<\/tr>\n<tr class=\"row-12 even\">\n\t<td class=\"column-1\">Public Copiers<\/td><td class=\"column-2\">Levels <a href=\"https:\/\/wp.stolaf.edu\/library\/files\/2023\/08\/level_2.jpg\">2<\/a>, <a href=\"https:\/\/wp.stolaf.edu\/library\/files\/2023\/08\/level_3.jpg\">3<\/a>, <a href=\"https:\/\/wp.stolaf.edu\/library\/files\/2023\/08\/level_4.jpg\">4<\/a><\/td>\n<\/tr>\n<tr class=\"row-13 odd\">\n\t<td class=\"column-1\">Public Computer Labs<\/td><td class=\"column-2\">Media Room <a href=\"https:\/\/wp.stolaf.edu\/library\/files\/2023\/08\/level_3.jpg\">Level 3<\/a><\/td>\n<\/tr>\n<tr class=\"row-14 even\">\n\t<td class=\"column-1\">Restrooms<\/td><td class=\"column-2\">Levels <a href=\"https:\/\/wp.stolaf.edu\/library\/files\/2023\/08\/level_1.jpg\">1<\/a>, <a href=\"https:\/\/wp.stolaf.edu\/library\/files\/2023\/08\/level_3.jpg\">3<\/a>, <a href=\"https:\/\/wp.stolaf.edu\/library\/files\/2023\/08\/level_4.jpg\">4<\/a>, &amp; <a href=\"https:\/\/wp.stolaf.edu\/library\/files\/2023\/08\/level_5.jpg\">5<\/a><\/td>\n<\/tr>\n<\/tbody>\n<\/table>\n<!-- #tablepress-7 from cache -->\n\n\n\n<h3 class=\"wp-block-heading\">Food and Drink in the Library<\/h3>\n\n\n\n<p>Please review our&nbsp;<a href=\"https:\/\/www.stolaf.edu\/library\/libinfo\/policy\/fooddrink.cfm\">food and drink policy<\/a>&nbsp;if you wish to bring food into the library.<\/p>\n\n\n\n<h3 class=\"wp-block-heading\">About Rolvaag Library<\/h3>\n\n\n\n<p>Rolvaag Library is named for Ole E. R\u00f8lvaag (1876-1931), novelist, educator, St. Olaf graduate, and father of Karl R\u00f8lvaag, Governor of Minnesota. A Norwegian immigrant, R\u00f8lvaag is best know for two novels,&nbsp;<em>I de dage<\/em>&nbsp;(1924) and&nbsp;<em>Riket gundl\u00e6ges<\/em>&nbsp;(1925). These two works, the story of Norwegian immigrant and pioneer Per Hansa, were translated into English as&nbsp;<em>Giants in the Earth<\/em>&nbsp;in 1927.<\/p>\n\n\n\n<figure class=\"wp-block-image size-full is-resized\"><img loading=\"lazy\" decoding=\"async\" width=\"750\" height=\"211\" src=\"https:\/\/wp.stolaf.edu\/library\/files\/2023\/08\/rolvaag_lib_scholar.jpg\" alt=\"A halloween prop stands next to a book display.\" class=\"wp-image-240\" style=\"width:945px;height:auto\"\/><figcaption class=\"wp-element-caption\">A typical book display in the Rolvaag Memorial Library lobby. <\/figcaption><\/figure>\n\n\n\n<p>Although completed in 1942, Rolvaag Memorial Library remained without a name until 1944. Advocates for R\u00f8lvaag encountered concern among those who objected to the &#8220;sordid&#8221; realism of his novels and his criticism of the cultural sensibilities of some Lutheran clergy. (Shaw,&nbsp;<em>Dear Old Hill<\/em>, p. 142)<\/p>\n\n\n\n<p>The Felland wing (1966) provided additional stack space and quarters for the&nbsp;<a href=\"http:\/\/www.naha.stolaf.edu\/\">Norwegian American Historical Association (NAHA)<\/a>. The Dittmanson wing (1991) added more stack and study space. Renovation of the original building accompanied the construction of Dittmanson.<\/p>\n\n\n\n<p>Today,&nbsp;<a href=\"http:\/\/www.naha.stolaf.edu\/\">NAHA<\/a>, the&nbsp;<a href=\"http:\/\/wp.stolaf.edu\/kierkegaard\/\">Kierkegaard Library<\/a>,&nbsp;<a href=\"http:\/\/wp.stolaf.edu\/it\/\">Information Technology<\/a>, the&nbsp;<a href=\"http:\/\/wp.stolaf.edu\/english\/\">English Department<\/a>, and the&nbsp;<a href=\"http:\/\/wp.stolaf.edu\/archives\/\">St. Olaf College Archives<\/a>&nbsp;all share the building with the Library.<\/p>\n<\/div>","protected":false},"excerpt":{"rendered":"<p>Rolvaag Research Resources Our catalog, databases, and digital collections can be searched from the&nbsp;Libraries&#8217; homepage. Library Hours Library Maps Rolvaag Library\u00a0is connected to Buntrock Commons on the east side of [&hellip;]<\/p>\n","protected":false},"author":9083,"featured_media":0,"parent":0,"menu_order":0,"comment_status":"closed","ping_status":"closed","template":"","meta":{"_acf_changed":false,"footnotes":""},"class_list":["post-64","page","type-page","status-publish","hentry"],"acf":[],"_links":{"self":[{"href":"https:\/\/wp.stolaf.edu\/library\/wp-json\/wp\/v2\/pages\/64","targetHints":{"allow":["GET"]}}],"collection":[{"href":"https:\/\/wp.stolaf.edu\/library\/wp-json\/wp\/v2\/pages"}],"about":[{"href":"https:\/\/wp.stolaf.edu\/library\/wp-json\/wp\/v2\/types\/page"}],"author":[{"embeddable":true,"href":"https:\/\/wp.stolaf.edu\/library\/wp-json\/wp\/v2\/users\/9083"}],"replies":[{"embeddable":true,"href":"https:\/\/wp.stolaf.edu\/library\/wp-json\/wp\/v2\/comments?post=64"}],"version-history":[{"count":18,"href":"https:\/\/wp.stolaf.edu\/library\/wp-json\/wp\/v2\/pages\/64\/revisions"}],"predecessor-version":[{"id":10534,"href":"https:\/\/wp.stolaf.edu\/library\/wp-json\/wp\/v2\/pages\/64\/revisions\/10534"}],"wp:attachment":[{"href":"https:\/\/wp.stolaf.edu\/library\/wp-json\/wp\/v2\/media?parent=64"}],"curies":[{"name":"wp","href":"https:\/\/api.w.org\/{rel}","templated":true}]}}