{"id":4420,"date":"2013-07-09T08:41:19","date_gmt":"2013-07-09T13:41:19","guid":{"rendered":"https:\/\/wp.stolaf.edu\/norwegian\/?page_id=4420"},"modified":"2023-06-07T08:29:34","modified_gmt":"2023-06-07T13:29:34","slug":"norwegian-372-advanced-topics","status":"publish","type":"page","link":"https:\/\/wp.stolaf.edu\/norwegian\/norwegian-372-advanced-topics\/","title":{"rendered":"Norwegian 372: Advanced Topics"},"content":{"rendered":"<div data-modular-content-collection><p><img loading=\"lazy\" decoding=\"async\" src=\"https:\/\/wp.stolaf.edu\/norwegian\/files\/2013\/07\/atlanterhavsveien.jpg\" alt=\"atlanterhavsveien\" width=\"533\" height=\"252\" \/><\/p>\n<p>One unique aspect of our program is that we offer a yearly topics course in Norwegian for students who have completed the fifth semester of Norwegian (NOR 253).\u00a0 This allows those students who have some previous Norwegian learning experience prior to coming to St. Olaf the opportunity to take this multiple times (we have had two students take 4 iterations of the course!). Each year we focus on different content areas and different skill sets (writing vs. speaking for example) to offer a wide variety of experiences each year.\u00a0 Recent topic descriptions:<\/p>\n<p><b>2020-21: Norsk humor: det morsomme i det norske hverdagslivet<br \/>\n<\/b>Norge har ofte blir k\u00e5ret til en av verdens mest lykkelige landene, men hva er det som gj\u00f8r nordmenn til \u00e5 le? Hva er det som kjennetegner norsk humor og hvordan har norsk humor utviklet seg over tid?<\/p>\n<p>I dette kurset ser vi n\u00e6rmere p\u00e5 det morsomme i det norske hverdagslivet. Vi kommer til \u00e5 diskutere bruken av satire, parodi og ironi som samfunnskritikk og vil se n\u00e6rmere p\u00e5 stereotypiene som disse humor genrene angriper. Vi vil reflekterer over hvordan humor har blitt brukt i forskjellige perioder som middel mot undertrykelse.<\/p>\n<p><span style=\"font-weight: 400;\">Hovedteksten er <\/span><i><span style=\"font-weight: 400;\">Ingrid Winters makel\u00f8se mismot<\/span><\/i><span style=\"font-weight: 400;\"> av Janne Drangsholt fra 2015. I tillegg skal vi se p\u00e5 norsk TV og filmer og lese korte tekster for \u00e5 unders\u00f8ke det som kan kalles norsk humor.<\/span><\/p>\n<p><strong>2019-20: H\u00f8ytider &amp; vendepunker<br \/>\n<\/strong>Norge har en nedarvet og innholdsrik festkultur med skikker og tradisjoner knyttet til de viktigste begivenheter i familie- og samfunnsliv.\u00a0 Mange av disse tradisjonene har r\u00f8tter i f\u00f8rkristen tid.<\/p>\n<p><span style=\"font-weight: 300;\">Ved fester og ritualer trer man p\u00e5 et vis ut av hverdagen eller gir hverdagen en ny kontekst. Festen som institusjon er ikke bare en avveksling fra hverdagslivet, men ogs\u00e5 en markering av de normer og verdier folk flest setter mest pris p\u00e5 og \u00f8nsker at individ og samfunn skal ivareta og bygge videre p\u00e5.\u00a0 De er ogs\u00e5 n\u00f8dvendige for at vi skal kunne reflektere over v\u00e5r egen tilv\u00e6relse og historie, og sette ting i en st\u00f8rre sammenheng.\u00a0<\/span><\/p>\n<p><span style=\"font-weight: 300;\">I dette kurset studerer vi b\u00e5de livs- og \u00e5rsh\u00f8ytider for \u00e5 f\u00e5 et bedre forst\u00e5else for opphavene av de norske tradisjonene som nordmenn feirer og vendepunkter som er tungt \u00e5 oppleve.\u00a0 Pensumet inkluderer en lang skj\u00f8nnlitter\u00e6re tekst, forskningsstudier, filmer, en TV serie og artikler som belyser utviklingen og endringene i norsk samfunn.<\/span><\/p>\n<p><strong>2018-19:<\/strong><span style=\"font-weight: 500;\"><strong> TV &amp; spr\u00e5k: det norske spr\u00e5ket i endring<\/strong><br \/>\n<\/span>Alle levende spr\u00e5k forandrer seg stadig. Dette gjelder ogs\u00e5 det norske spr\u00e5ket. B\u00e5de skriftnormene bokm\u00e5l og nynorsk samt talespr\u00e5ket har opplevd store forandringer gjennom tidene og utvikler seg fortsatt i dag. Hvordan oppst\u00e5r disse endringene i det moderne Norge? Hva er det som endres?<\/p>\n<p>Dette kurset belyser ulike sider ved det norske spr\u00e5ket og dets utvikling og endring, med fokus p\u00e5 talespr\u00e5ket i Norge. Vi skal f\u00f8rst unders\u00f8ke talespr\u00e5kets historie.\u00a0 Deretter skal vi se p\u00e5 fjernsynets utvikling og hvordan de p\u00e5virker hverandre. Vi skal diskutere spr\u00e5kbruken, handlingene og kritikken rundt noen utvalgte TV-serier for \u00e5 f\u00e5 en bredere forst\u00e5else for utviklingen.<\/p>\n<p><strong>2017-18: NORSK 372: \u00abDet norske\u00bb f\u00f8r og n\u00e5<br \/>\n<\/strong>Ulike forestillinger om \u00abdet norske\u00bb ble skapt p\u00e5 1800-tallet og ble grunnlaget for den norske nasjonsbyggingen.\u00a0 De norske nasjonsbyggerne mente at en nasjon b\u00f8r dannes p\u00e5 bakgrunn av at et folk har et felles spr\u00e5k, en felles historie, og felles kultur og verdier \u2013 alts\u00e5 et kulturelt fellesskap eller folke\u00e5nd. Hvordan ble forestillinger om Norge og \u00abdet norske\u00bb skapt p\u00e5 1800-tallet? Og hvordan preger disse forestillingene Norge i dag?<\/p>\n<p>Debatten p\u00e5 det som kjennetegner norsk kultur har p\u00e5g\u00e5tt i mange \u00e5r. Hva vil det egentlig si \u00e5 v\u00e6re norsk i dag? Hvorfor er det s\u00e5 mye fokus i dagens samfunn p\u00e5 det som regnes som \u00abtypisk norsk\u00bb? Hva skal til for \u00e5 kalle seg nordmann? Pensumet inkluderer noveller, artikler, forskningsstudier, kronikker, debattinnlegg og dokufilmer som belyser ulike sider av utviklingen og endringene i norsk kultur.<\/p>\n<p><strong>2016-17: Nordisk barnelitteratur<\/strong><br \/>\n<span style=\"font-weight: 400;\">I dette kurset leser og analyserer studenter barneb\u00f8ker og (noen ungdomsb\u00f8ker) som har v\u00e6rt viktige eller sentrale til norsk barnelitteraturhistorie. Barneb\u00f8kene vi leser har v\u00e6rt l\u00e6rerike, popul\u00e6re eller prisbel\u00f8nnet. Kurset tar ogs\u00e5 opp temaet den sterke jenta som beskrives i mange barneb\u00f8ker fra Norden. Kurset tar ogs\u00e5 opp diskusjoner om konseptene av fortellerkunst, den dobbelte stemmen i barnelitteraturen og <\/span><span style=\"font-weight: 400;\">adaptasjoner av barneb\u00f8ker i andre medier som <\/span><span style=\"font-weight: 400;\">film og forestilling.<\/span><\/p>\n<p><!-- begin-migrated-from-panel-builder --><!-- end-migrated-from-panel-builder --><\/p>\n<\/div>","protected":false},"excerpt":{"rendered":"<p>One unique aspect of our program is that we offer a yearly topics course in Norwegian for students who have completed the fifth semester of Norwegian (NOR 253).\u00a0 This allows [&hellip;]<\/p>\n","protected":false},"author":209,"featured_media":0,"parent":0,"menu_order":0,"comment_status":"closed","ping_status":"closed","template":"","meta":{"_acf_changed":false,"footnotes":""},"class_list":["post-4420","page","type-page","status-publish","hentry"],"acf":[],"jetpack_sharing_enabled":true,"_links":{"self":[{"href":"https:\/\/wp.stolaf.edu\/norwegian\/wp-json\/wp\/v2\/pages\/4420","targetHints":{"allow":["GET"]}}],"collection":[{"href":"https:\/\/wp.stolaf.edu\/norwegian\/wp-json\/wp\/v2\/pages"}],"about":[{"href":"https:\/\/wp.stolaf.edu\/norwegian\/wp-json\/wp\/v2\/types\/page"}],"author":[{"embeddable":true,"href":"https:\/\/wp.stolaf.edu\/norwegian\/wp-json\/wp\/v2\/users\/209"}],"replies":[{"embeddable":true,"href":"https:\/\/wp.stolaf.edu\/norwegian\/wp-json\/wp\/v2\/comments?post=4420"}],"version-history":[{"count":4,"href":"https:\/\/wp.stolaf.edu\/norwegian\/wp-json\/wp\/v2\/pages\/4420\/revisions"}],"predecessor-version":[{"id":7545,"href":"https:\/\/wp.stolaf.edu\/norwegian\/wp-json\/wp\/v2\/pages\/4420\/revisions\/7545"}],"wp:attachment":[{"href":"https:\/\/wp.stolaf.edu\/norwegian\/wp-json\/wp\/v2\/media?parent=4420"}],"curies":[{"name":"wp","href":"https:\/\/api.w.org\/{rel}","templated":true}]}}