{"id":6893,"date":"2020-09-21T13:56:44","date_gmt":"2020-09-21T18:56:44","guid":{"rendered":"https:\/\/wp.stolaf.edu\/norwegian\/?page_id=6893"},"modified":"2023-06-07T08:29:33","modified_gmt":"2023-06-07T13:29:33","slug":"courses2020-3","status":"publish","type":"page","link":"https:\/\/wp.stolaf.edu\/norwegian\/courses2020-3\/","title":{"rendered":"Course Offerings: Spring 2021"},"content":{"rendered":"<div data-modular-content-collection><!-- begin-migrated-from-panel-builder -->\t\t\t<div\n\t\t\tclass=\"is-style-default site-section site-panel__accordion panel panel-accordion site-section__bg--default\"\n\t\t\tdata-depth=\"\"\n\t\t\tdata-js-panel=\"accordion\"\n\t\t>\n\t\n\t\t\t<div class=\"is-style-default site-section__inner l-wrapper \">\n\t\n\t\n\t\t\t\t\t<header class=\"is-style-default site-section__header\">\n\n\t\t\t\t<h2 class=\"is-style-default site-section__title h3\" id=\"course-offerings-spring-2021\" data-name=\"title\" data-livetext data-depth=\"0\" data-index=\"0\">Course Offerings Spring 2021<\/h2>\n\n\t\t\t<\/header>\n\t\t\n\t\n\t\n\t<div class=\"is-style-default site-grid site-grid__wrapper\">\n\n\t\t<div class=\"is-style-default site-grid__col\">\n\t\t\t\n<figure class=\"is-style-default c-caption\">\n\n\t\n\n\t\t\t<figcaption class=\"is-style-default t-content\" data-name=\"content\" data-index=\"0\" data-autop=\"true\" data-livetext>\n\t\t\t<p>Explore our upcoming courses.<\/p>\n<p><img loading=\"lazy\" decoding=\"async\" data-attachment-id=\"6894\" data-permalink=\"https:\/\/wp.stolaf.edu\/norwegian\/courses2020-3\/hist222-b\/\" data-orig-file=\"https:\/\/wp.stolaf.edu\/norwegian\/files\/2020\/09\/Hist222-B.jpg\" data-orig-size=\"950,450\" data-comments-opened=\"0\" data-image-meta=\"{&quot;aperture&quot;:&quot;0&quot;,&quot;credit&quot;:&quot;&quot;,&quot;camera&quot;:&quot;&quot;,&quot;caption&quot;:&quot;&quot;,&quot;created_timestamp&quot;:&quot;0&quot;,&quot;copyright&quot;:&quot;&quot;,&quot;focal_length&quot;:&quot;0&quot;,&quot;iso&quot;:&quot;0&quot;,&quot;shutter_speed&quot;:&quot;0&quot;,&quot;title&quot;:&quot;&quot;,&quot;orientation&quot;:&quot;0&quot;}\" data-image-title=\"Hist222 B\" data-image-description=\"\" data-image-caption=\"\" data-large-file=\"https:\/\/wp.stolaf.edu\/norwegian\/files\/2020\/09\/Hist222-B.jpg\" class=\"is-style-default alignnone size-medium wp-image-6894\" src=\"https:\/\/wp.stolaf.edu\/norwegian\/files\/2020\/09\/Hist222-B-300x142.jpg\" alt=\"\" width=\"300\" height=\"142\" \/><\/p>\n<p><img loading=\"lazy\" decoding=\"async\" data-attachment-id=\"6897\" data-permalink=\"https:\/\/wp.stolaf.edu\/norwegian\/courses2020-3\/helene-schjerfbeck-self-portrait-80s-340x227\/\" data-orig-file=\"https:\/\/wp.stolaf.edu\/norwegian\/files\/2020\/09\/Helene-Schjerfbeck-self-portrait-80s-340x227-1.jpg\" data-orig-size=\"340,227\" data-comments-opened=\"0\" data-image-meta=\"{&quot;aperture&quot;:&quot;0&quot;,&quot;credit&quot;:&quot;&quot;,&quot;camera&quot;:&quot;&quot;,&quot;caption&quot;:&quot;&quot;,&quot;created_timestamp&quot;:&quot;0&quot;,&quot;copyright&quot;:&quot;&quot;,&quot;focal_length&quot;:&quot;0&quot;,&quot;iso&quot;:&quot;0&quot;,&quot;shutter_speed&quot;:&quot;0&quot;,&quot;title&quot;:&quot;&quot;,&quot;orientation&quot;:&quot;0&quot;}\" data-image-title=\"Helene-Schjerfbeck-self-portrait-80s-340&amp;#215;227\" data-image-description=\"\" data-image-caption=\"\" data-large-file=\"https:\/\/wp.stolaf.edu\/norwegian\/files\/2020\/09\/Helene-Schjerfbeck-self-portrait-80s-340x227-1.jpg\" class=\"is-style-default alignnone size-medium wp-image-6897\" src=\"https:\/\/wp.stolaf.edu\/norwegian\/files\/2020\/09\/Helene-Schjerfbeck-self-portrait-80s-340x227-1-300x200.jpg\" alt=\"\" width=\"300\" height=\"200\" \/><\/p>\n<p><img loading=\"lazy\" decoding=\"async\" data-attachment-id=\"6899\" data-permalink=\"https:\/\/wp.stolaf.edu\/norwegian\/courses2020-3\/tante-ulrikkes-vei\/\" data-orig-file=\"https:\/\/wp.stolaf.edu\/norwegian\/files\/2020\/09\/tante-ulrikkes-vei.jpg\" data-orig-size=\"1080,1080\" data-comments-opened=\"0\" data-image-meta=\"{&quot;aperture&quot;:&quot;0&quot;,&quot;credit&quot;:&quot;&quot;,&quot;camera&quot;:&quot;&quot;,&quot;caption&quot;:&quot;&quot;,&quot;created_timestamp&quot;:&quot;0&quot;,&quot;copyright&quot;:&quot;&quot;,&quot;focal_length&quot;:&quot;0&quot;,&quot;iso&quot;:&quot;0&quot;,&quot;shutter_speed&quot;:&quot;0&quot;,&quot;title&quot;:&quot;&quot;,&quot;orientation&quot;:&quot;0&quot;}\" data-image-title=\"tante ulrikkes vei\" data-image-description=\"\" data-image-caption=\"\" data-large-file=\"https:\/\/wp.stolaf.edu\/norwegian\/files\/2020\/09\/tante-ulrikkes-vei-1024x1024.jpg\" class=\"is-style-default alignnone size-medium wp-image-6899\" src=\"https:\/\/wp.stolaf.edu\/norwegian\/files\/2020\/09\/tante-ulrikkes-vei-300x300.jpg\" alt=\"\" width=\"300\" height=\"300\" \/><\/p>\n\n\t\t<\/figcaption>\n\t\n<\/figure>\n\n\t\t<\/div>\n\t\t<div class=\"is-style-default site-grid__col\">\n\t\t\t<div class=\"is-style-default accordion site-panel__accordion-items\" data-depth=\"0\" data-name=\"accordions\" data-livetext role=\"tablist\" aria-multiselectable=\"true\" data-js=\"accordion\">\n            <article  class=\"is-style-default accordion__row site-panel__accordion-item \" role=\"tab\" aria-selected=\"false\" id=\"accordion-69ebe390d1c42-header-0\" aria-controls=\"accordion-69ebe390d1c42-content-0\">\n        \t\t<button\n\t\t\t\t\taria-expanded=\"false\"\n\t\t\t\t\tclass=\"is-style-default accordion__header site-panel__accordion-title clearfix\"\n\t\t\t\t\tdata-depth=\"0\"\n\t\t\t\t\tdata-index=\"0\"\n\t\t\t\t\tdata-name=\"title\"\n\t\t\t\t\tdata-livetext\n        \t\t>\n\t\t\t\t\t                    <span class=\"is-style-default accordion__header-inner\">\n\t\t\t\t\t\tNOR 244: The S\u00e1mi: Traditions in Transition\t\t\t\t\t\t<\/span>\n                <\/button>\n                <div\n\t\t\t\t\taria-labelledby=\"accordion-69ebe390d1c42-header-0\"\n\t\t\t\t\t class=\"is-style-default accordion__content site-panel__accordion-content context-content t-content \"\t\t\t\t\tid=\"accordion-69ebe390d1c42-content-0\"\n\t\t\t\t\trole=\"tabpanel\"\n\t\t\t\t\tdata-depth=\"0\"\n\t\t\t\t\tdata-index=\"0\"\n\t\t\t\t\tdata-autop=\"true\"\n\t\t\t\t\tdata-name=\"accordion_content\"\n\t\t\t\t\tdata-livetext\n                >\n\t\t\t\t\t                    <div class=\"is-style-default accordion__content-inner context-content\">\n\t\t\t\t\t\t<div class=\"is-style-default wp-embed wp-embed--lazy\">\n<div class=\"is-style-default wp-embed-wrap\">\n<figure class=\"is-style-default wp-embed-lazy wp-embed-lazy--low-res\" data-js=\"lazyload-embed\" data-embed-provider=\"youtube\" > \t<a href=\"https:\/\/youtu.be\/6xEEOK3R3II\" data-embed-href=\"https:\/\/www.youtube.com\/embed\/6xEEOK3R3II?autoplay=1&#038;autohide=1&#038;fs=1&#038;modestbranding=1&#038;showinfo=0&#038;controls=2&#038;autoplay=1&#038;rel=0&#038;theme=light&#038;vq=hd720\" class=\"is-style-default wp-embed-lazy__trigger\" data-js=\"lazyload-trigger\" title=\"NORW 244: The Sami: Traditions in Transition, Spring 2021\" data-embed-id=\"6xEEOK3R3II\"> \t\t<img decoding=\"async\" class=\"is-style-default wp-embed-lazy__image lazyload\" loading=\"lazy\" src=\"https:\/\/i.ytimg.com\/vi\/6xEEOK3R3II\/0.jpg\" alt=\"NORW 244: The Sami: Traditions in Transition, Spring 2021\" \/><figcaption class=\"is-style-default wp-embed-lazy__caption\"> \t\t\t<i class=\"is-style-default wp-embed-lazy__icon icon icon-play\"><\/i> \t\t\t<span class=\"is-style-default wp-embed-lazy__trigger-label\">Play Video<\/span> \t\t\t<span class=\"is-style-default wp-embed-lazy__title\">NORW 244: The Sami: Traditions in Transition, Spring 2021<\/span> \t\t<\/figcaption><\/a> <\/figure>\n<\/div>\n<\/div>\n<p><strong>\u00a0Course <\/strong><strong>Description: <\/strong>This interdisciplinary course explores the S\u00e1mi, an indigenous people living mainly in the northern parts of Norway, Sweden, Finland, and Russia. Students first place the S\u00e1mi in a historical-cultural context by examining the S\u00e1mi&#8217;s social and economic systems, religion, customs, and values. The major portion of the course examines the S\u00e1mi primarily from within: the S\u00e1mi will present themselves through their literature, film, music, and art. Taught in English. Offered periodically. Also counts toward linguistic studies concentration.<\/p>\n<p><span style=\"font-weight: 400;\"><br \/>\n<\/span><span style=\"font-weight: 400;\">Majors\/Concentrations: Norwegian, Nordic Studies, Race and Ethnic Studies, International Relations, Linguistic Studies, Russian Studies, Race and Ethnic Studies, Women&#8217;s &amp; Gender Studies GE: HBS, MCG, ORC\u00a0 w\/ Professor Kari Lie Dorer<\/span><\/p>\n<p style=\"margin-bottom: 1.35em;\">\n                    <\/div>\n                <\/div>\n            <\/article>\n\n\t\t\t\n            <article  class=\"is-style-default accordion__row site-panel__accordion-item \" role=\"tab\" aria-selected=\"false\" id=\"accordion-69ebe390d1c42-header-1\" aria-controls=\"accordion-69ebe390d1c42-content-1\">\n        \t\t<button\n\t\t\t\t\taria-expanded=\"false\"\n\t\t\t\t\tclass=\"is-style-default accordion__header site-panel__accordion-title clearfix\"\n\t\t\t\t\tdata-depth=\"0\"\n\t\t\t\t\tdata-index=\"1\"\n\t\t\t\t\tdata-name=\"title\"\n\t\t\t\t\tdata-livetext\n        \t\t>\n\t\t\t\t\t                    <span class=\"is-style-default accordion__header-inner\">\n\t\t\t\t\t\tNORST 264: Nordic Explorations of Sexualities and Genders\t\t\t\t\t<\/span>\n                <\/button>\n                <div\n\t\t\t\t\taria-labelledby=\"accordion-69ebe390d1c42-header-1\"\n\t\t\t\t\t class=\"is-style-default accordion__content site-panel__accordion-content context-content t-content \"\t\t\t\t\tid=\"accordion-69ebe390d1c42-content-1\"\n\t\t\t\t\trole=\"tabpanel\"\n\t\t\t\t\tdata-depth=\"0\"\n\t\t\t\t\tdata-index=\"1\"\n\t\t\t\t\tdata-autop=\"true\"\n\t\t\t\t\tdata-name=\"accordion_content\"\n\t\t\t\t\tdata-livetext\n                >\n\t\t\t\t\t                    <div class=\"is-style-default accordion__content-inner context-content\">\n\t\t\t\t\t\t<div class=\"is-style-default wp-embed wp-embed--lazy\">\n<div class=\"is-style-default wp-embed-wrap\">\n<figure class=\"is-style-default wp-embed-lazy\" data-js=\"lazyload-embed\" data-embed-provider=\"youtube\" > \t<a href=\"https:\/\/www.youtube.com\/watch?v=38MDdRRDQKM\" data-embed-href=\"https:\/\/www.youtube.com\/embed\/38MDdRRDQKM?autoplay=1&#038;autohide=1&#038;fs=1&#038;modestbranding=1&#038;showinfo=0&#038;controls=2&#038;autoplay=1&#038;rel=0&#038;theme=light&#038;vq=hd720\" class=\"is-style-default wp-embed-lazy__trigger\" data-js=\"lazyload-trigger\" title=\"NORST 264: Explorations of Nordic Sexualities and Genders\" data-embed-id=\"38MDdRRDQKM\"> \t\t<img decoding=\"async\" class=\"is-style-default wp-embed-lazy__image lazyload\" loading=\"lazy\" src=\"https:\/\/i.ytimg.com\/vi\/38MDdRRDQKM\/maxresdefault.jpg\" alt=\"NORST 264: Explorations of Nordic Sexualities and Genders\" \/><figcaption class=\"is-style-default wp-embed-lazy__caption\"> \t\t\t<i class=\"is-style-default wp-embed-lazy__icon icon icon-play\"><\/i> \t\t\t<span class=\"is-style-default wp-embed-lazy__trigger-label\">Play Video<\/span> \t\t\t<span class=\"is-style-default wp-embed-lazy__title\">NORST 264: Explorations of Nordic Sexualities and Genders<\/span> \t\t<\/figcaption><\/a> <\/figure>\n<\/div>\n<\/div>\n<p><span style=\"font-weight: 400;\">This course examines gender and sexuality in the Nordic countries through the lens of literature written by women. Students will study <\/span><span style=\"font-weight: 400;\">novels, short stories, and essays from the nineteenth century until today and cover a variety of prose genres such as dystopia, sci-fi, magical realism, gothic novella and historical realism. Films and theoretical texts that explore issues of gendered identities will supplement the readings. Additionally students will examine the historical, social, and political contexts of this literature and learn how it has played an important role in effecting social and political change.<br \/>\n<\/span><span style=\"font-weight: 400;\">GE: ALS-L, WRI w\/ Professor\u00a0 Tanya Thresher<\/span><\/p>\n                    <\/div>\n                <\/div>\n            <\/article>\n\n\t\t\t\n            <article  class=\"is-style-default accordion__row site-panel__accordion-item \" role=\"tab\" aria-selected=\"false\" id=\"accordion-69ebe390d1c42-header-2\" aria-controls=\"accordion-69ebe390d1c42-content-2\">\n        \t\t<button\n\t\t\t\t\taria-expanded=\"false\"\n\t\t\t\t\tclass=\"is-style-default accordion__header site-panel__accordion-title clearfix\"\n\t\t\t\t\tdata-depth=\"0\"\n\t\t\t\t\tdata-index=\"2\"\n\t\t\t\t\tdata-name=\"title\"\n\t\t\t\t\tdata-livetext\n        \t\t>\n\t\t\t\t\t                    <span class=\"is-style-default accordion__header-inner\">\n\t\t\t\t\t\tHIST 222: Modern Scandinavia\t\t\t\t\t<\/span>\n                <\/button>\n                <div\n\t\t\t\t\taria-labelledby=\"accordion-69ebe390d1c42-header-2\"\n\t\t\t\t\t class=\"is-style-default accordion__content site-panel__accordion-content context-content t-content \"\t\t\t\t\tid=\"accordion-69ebe390d1c42-content-2\"\n\t\t\t\t\trole=\"tabpanel\"\n\t\t\t\t\tdata-depth=\"0\"\n\t\t\t\t\tdata-index=\"2\"\n\t\t\t\t\tdata-autop=\"true\"\n\t\t\t\t\tdata-name=\"accordion_content\"\n\t\t\t\t\tdata-livetext\n                >\n\t\t\t\t\t                    <div class=\"is-style-default accordion__content-inner context-content\">\n\t\t\t\t\t\t<p><span style=\"font-weight: 400;\">This course offers a survey of modern Scandinavian history from the period of the Protestant Reformation to the present with special attention to recent developments. Offered annually. Majors\/ Concentrations: History, Norwegian, Management Studies, Nordic Studies. GE: HWC\u00a0 w\/ Professor\u00a0 David Jessup<\/span><\/p>\n                    <\/div>\n                <\/div>\n            <\/article>\n\n\t\t\t\n            <article  class=\"is-style-default accordion__row site-panel__accordion-item \" role=\"tab\" aria-selected=\"false\" id=\"accordion-69ebe390d1c42-header-3\" aria-controls=\"accordion-69ebe390d1c42-content-3\">\n        \t\t<button\n\t\t\t\t\taria-expanded=\"false\"\n\t\t\t\t\tclass=\"is-style-default accordion__header site-panel__accordion-title clearfix\"\n\t\t\t\t\tdata-depth=\"0\"\n\t\t\t\t\tdata-index=\"3\"\n\t\t\t\t\tdata-name=\"title\"\n\t\t\t\t\tdata-livetext\n        \t\t>\n\t\t\t\t\t                    <span class=\"is-style-default accordion__header-inner\">\n\t\t\t\t\t\tNORW 112: Beginning Norwegian II\t\t\t\t\t<\/span>\n                <\/button>\n                <div\n\t\t\t\t\taria-labelledby=\"accordion-69ebe390d1c42-header-3\"\n\t\t\t\t\t class=\"is-style-default accordion__content site-panel__accordion-content context-content t-content \"\t\t\t\t\tid=\"accordion-69ebe390d1c42-content-3\"\n\t\t\t\t\trole=\"tabpanel\"\n\t\t\t\t\tdata-depth=\"0\"\n\t\t\t\t\tdata-index=\"3\"\n\t\t\t\t\tdata-autop=\"true\"\n\t\t\t\t\tdata-name=\"accordion_content\"\n\t\t\t\t\tdata-livetext\n                >\n\t\t\t\t\t                    <div class=\"is-style-default accordion__content-inner context-content\">\n\t\t\t\t\t\t                    <\/div>\n                <\/div>\n            <\/article>\n\n\t\t\t\n            <article  class=\"is-style-default accordion__row site-panel__accordion-item \" role=\"tab\" aria-selected=\"false\" id=\"accordion-69ebe390d1c42-header-4\" aria-controls=\"accordion-69ebe390d1c42-content-4\">\n        \t\t<button\n\t\t\t\t\taria-expanded=\"false\"\n\t\t\t\t\tclass=\"is-style-default accordion__header site-panel__accordion-title clearfix\"\n\t\t\t\t\tdata-depth=\"0\"\n\t\t\t\t\tdata-index=\"4\"\n\t\t\t\t\tdata-name=\"title\"\n\t\t\t\t\tdata-livetext\n        \t\t>\n\t\t\t\t\t                    <span class=\"is-style-default accordion__header-inner\">\n\t\t\t\t\t\tNORW 231: Beginning Norwegian II \t\t\t\t\t\t<\/span>\n                <\/button>\n                <div\n\t\t\t\t\taria-labelledby=\"accordion-69ebe390d1c42-header-4\"\n\t\t\t\t\t class=\"is-style-default accordion__content site-panel__accordion-content context-content t-content \"\t\t\t\t\tid=\"accordion-69ebe390d1c42-content-4\"\n\t\t\t\t\trole=\"tabpanel\"\n\t\t\t\t\tdata-depth=\"0\"\n\t\t\t\t\tdata-index=\"4\"\n\t\t\t\t\tdata-autop=\"true\"\n\t\t\t\t\tdata-name=\"accordion_content\"\n\t\t\t\t\tdata-livetext\n                >\n\t\t\t\t\t                    <div class=\"is-style-default accordion__content-inner context-content\">\n\t\t\t\t\t\t<div class=\"is-style-default wp-embed wp-embed--lazy\">\n<div class=\"is-style-default wp-embed-wrap\">\n<figure class=\"is-style-default wp-embed-lazy\" data-js=\"lazyload-embed\" data-embed-provider=\"youtube\" > \t<a href=\"https:\/\/youtu.be\/W4r9xVILffY\" data-embed-href=\"https:\/\/www.youtube.com\/embed\/W4r9xVILffY?autoplay=1&#038;autohide=1&#038;fs=1&#038;modestbranding=1&#038;showinfo=0&#038;controls=2&#038;autoplay=1&#038;rel=0&#038;theme=light&#038;vq=hd720\" class=\"is-style-default wp-embed-lazy__trigger\" data-js=\"lazyload-trigger\" title=\"NORW 231 Spring 2021\" data-embed-id=\"W4r9xVILffY\"> \t\t<img decoding=\"async\" class=\"is-style-default wp-embed-lazy__image lazyload\" loading=\"lazy\" src=\"https:\/\/i.ytimg.com\/vi\/W4r9xVILffY\/maxresdefault.jpg\" alt=\"NORW 231 Spring 2021\" \/><figcaption class=\"is-style-default wp-embed-lazy__caption\"> \t\t\t<i class=\"is-style-default wp-embed-lazy__icon icon icon-play\"><\/i> \t\t\t<span class=\"is-style-default wp-embed-lazy__trigger-label\">Play Video<\/span> \t\t\t<span class=\"is-style-default wp-embed-lazy__title\">NORW 231 Spring 2021<\/span> \t\t<\/figcaption><\/a> <\/figure>\n<\/div>\n<\/div>\n                    <\/div>\n                <\/div>\n            <\/article>\n\n\t\t\t\n            <article  class=\"is-style-default accordion__row site-panel__accordion-item \" role=\"tab\" aria-selected=\"false\" id=\"accordion-69ebe390d1c42-header-5\" aria-controls=\"accordion-69ebe390d1c42-content-5\">\n        \t\t<button\n\t\t\t\t\taria-expanded=\"false\"\n\t\t\t\t\tclass=\"is-style-default accordion__header site-panel__accordion-title clearfix\"\n\t\t\t\t\tdata-depth=\"0\"\n\t\t\t\t\tdata-index=\"5\"\n\t\t\t\t\tdata-name=\"title\"\n\t\t\t\t\tdata-livetext\n        \t\t>\n\t\t\t\t\t                    <span class=\"is-style-default accordion__header-inner\">\n\t\t\t\t\t\tNorwegian 232: Intermediate Norwegian II\t\t\t\t\t<\/span>\n                <\/button>\n                <div\n\t\t\t\t\taria-labelledby=\"accordion-69ebe390d1c42-header-5\"\n\t\t\t\t\t class=\"is-style-default accordion__content site-panel__accordion-content context-content t-content \"\t\t\t\t\tid=\"accordion-69ebe390d1c42-content-5\"\n\t\t\t\t\trole=\"tabpanel\"\n\t\t\t\t\tdata-depth=\"0\"\n\t\t\t\t\tdata-index=\"5\"\n\t\t\t\t\tdata-autop=\"true\"\n\t\t\t\t\tdata-name=\"accordion_content\"\n\t\t\t\t\tdata-livetext\n                >\n\t\t\t\t\t                    <div class=\"is-style-default accordion__content-inner context-content\">\n\t\t\t\t\t\t<p><span style=\"font-weight: 400;\">Norsk 232 er et kurs i norsk p\u00e5 mellomniv\u00e5, og dette semesteret tar vi opp emner som norsk identitet, historie, Norge i verden og litteratur og medier. \u00a0<\/span><span style=\"font-weight: 400;\">Vi studerer Norges moderne kultur ved \u00e5 diskutere et variert utvalg av norske artikler, filmer og en TV-serie. \u00a0<\/span><span style=\"font-weight: 400;\"> w\/ Professor\u00a0 Tanya Thresher<\/span><\/p>\n                    <\/div>\n                <\/div>\n            <\/article>\n\n\t\t\t\n            <article  class=\"is-style-default accordion__row site-panel__accordion-item \" role=\"tab\" aria-selected=\"false\" id=\"accordion-69ebe390d1c42-header-6\" aria-controls=\"accordion-69ebe390d1c42-content-6\">\n        \t\t<button\n\t\t\t\t\taria-expanded=\"false\"\n\t\t\t\t\tclass=\"is-style-default accordion__header site-panel__accordion-title clearfix\"\n\t\t\t\t\tdata-depth=\"0\"\n\t\t\t\t\tdata-index=\"6\"\n\t\t\t\t\tdata-name=\"title\"\n\t\t\t\t\tdata-livetext\n        \t\t>\n\t\t\t\t\t                    <span class=\"is-style-default accordion__header-inner\">\n\t\t\t\t\t\tNorwegian 396: Directed Undergraduate Research\t\t\t\t\t<\/span>\n                <\/button>\n                <div\n\t\t\t\t\taria-labelledby=\"accordion-69ebe390d1c42-header-6\"\n\t\t\t\t\t class=\"is-style-default accordion__content site-panel__accordion-content context-content t-content \"\t\t\t\t\tid=\"accordion-69ebe390d1c42-content-6\"\n\t\t\t\t\trole=\"tabpanel\"\n\t\t\t\t\tdata-depth=\"0\"\n\t\t\t\t\tdata-index=\"6\"\n\t\t\t\t\tdata-autop=\"true\"\n\t\t\t\t\tdata-name=\"accordion_content\"\n\t\t\t\t\tdata-livetext\n                >\n\t\t\t\t\t                    <div class=\"is-style-default accordion__content-inner context-content\">\n\t\t\t\t\t\t<p><span style=\"font-weight: 400;\">The Norwegian Multi Ethnolect (NMET) is used by linguists to define an emerging, distinct variety of language which reflects the evolving nature of Norwegian society. Its origin is the immigrant youth in the eastern parts of Oslo, most of whom identify as Muslim, but has become very common in all parts of Norway. While it is a form of Norwegian language, the NMET can be challenging for language learners to understand at first. However, with exposure and training, the NMET is quite accessible. Together we will create an online linguistic database of MET and curriculum modules for Norwegian language learners. Prerequisite: NORW 253. <\/span><span style=\"font-weight: 400;\">w\/ Professor Kari Lie Dorer<\/span><\/p>\n                    <\/div>\n                <\/div>\n            <\/article>\n\n\t\t\t\n            <article  class=\"is-style-default accordion__row site-panel__accordion-item \" role=\"tab\" aria-selected=\"false\" id=\"accordion-69ebe390d1c42-header-7\" aria-controls=\"accordion-69ebe390d1c42-content-7\">\n        \t\t<button\n\t\t\t\t\taria-expanded=\"false\"\n\t\t\t\t\tclass=\"is-style-default accordion__header site-panel__accordion-title clearfix\"\n\t\t\t\t\tdata-depth=\"0\"\n\t\t\t\t\tdata-index=\"7\"\n\t\t\t\t\tdata-name=\"title\"\n\t\t\t\t\tdata-livetext\n        \t\t>\n\t\t\t\t\t                    <span class=\"is-style-default accordion__header-inner\">\n\t\t\t\t\t\tNorwegian 371: Advanced Norwegian \t\t\t\t\t<\/span>\n                <\/button>\n                <div\n\t\t\t\t\taria-labelledby=\"accordion-69ebe390d1c42-header-7\"\n\t\t\t\t\t class=\"is-style-default accordion__content site-panel__accordion-content context-content t-content \"\t\t\t\t\tid=\"accordion-69ebe390d1c42-content-7\"\n\t\t\t\t\trole=\"tabpanel\"\n\t\t\t\t\tdata-depth=\"0\"\n\t\t\t\t\tdata-index=\"7\"\n\t\t\t\t\tdata-autop=\"true\"\n\t\t\t\t\tdata-name=\"accordion_content\"\n\t\t\t\t\tdata-livetext\n                >\n\t\t\t\t\t                    <div class=\"is-style-default accordion__content-inner context-content\">\n\t\t\t\t\t\t<p><span style=\"font-weight: 400;\">Norsk 371 gir en historisk og litter\u00e6r innf\u00f8ring i norsk litteraturs viktigste bidrag fra vikingtiden til i dag. Kursets m\u00e5l er \u00e5 gi studentene trening i \u00e5 analysere og reflektere over litteratur gjennom \u00e5 n\u00e6rlese, diskutere og skrive. Studentene skal f\u00e5 en god forst\u00e5else av norsk litteraturhistorie og spr\u00e5khistorie og sine forskjellige perioder. Studentene skal ogs\u00e5 l\u00e6re hvordan hver tekst kan forst\u00e5s i lys av den norske kulturen og den enkelte perioden. Vi skal ogs\u00e5 diskutere hvordan tekstene kan knyttes til aktuelle sp\u00f8rsm\u00e5l om skandinavisk identitet, samfunn og estetikk. Kurset er et seminar med noen forelesninger.\u00a0<\/span><\/p>\n<p><span style=\"font-weight: 400;\">GE:\u00a0 ALS-L, FOL-N, WRI<\/span> <span style=\"font-weight: 400;\">w\/ Professor Jenna Coughlin\u00a0 <\/span><\/p>\n                    <\/div>\n                <\/div>\n            <\/article>\n\n\t\t\t<\/div>\n\t\t<\/div>\n\n\t<\/div>\n\n\n\t\t\t\t\n\t\t\t<\/div>\n\t\n\t\t\t<\/div>\n\t\n<!-- end-migrated-from-panel-builder --><\/div>","protected":false},"excerpt":{"rendered":"","protected":false},"author":4378,"featured_media":5650,"parent":0,"menu_order":0,"comment_status":"closed","ping_status":"closed","template":"","meta":{"_acf_changed":false,"footnotes":""},"class_list":["post-6893","page","type-page","status-publish","has-post-thumbnail","hentry"],"acf":[],"jetpack_sharing_enabled":true,"_links":{"self":[{"href":"https:\/\/wp.stolaf.edu\/norwegian\/wp-json\/wp\/v2\/pages\/6893","targetHints":{"allow":["GET"]}}],"collection":[{"href":"https:\/\/wp.stolaf.edu\/norwegian\/wp-json\/wp\/v2\/pages"}],"about":[{"href":"https:\/\/wp.stolaf.edu\/norwegian\/wp-json\/wp\/v2\/types\/page"}],"author":[{"embeddable":true,"href":"https:\/\/wp.stolaf.edu\/norwegian\/wp-json\/wp\/v2\/users\/4378"}],"replies":[{"embeddable":true,"href":"https:\/\/wp.stolaf.edu\/norwegian\/wp-json\/wp\/v2\/comments?post=6893"}],"version-history":[{"count":11,"href":"https:\/\/wp.stolaf.edu\/norwegian\/wp-json\/wp\/v2\/pages\/6893\/revisions"}],"predecessor-version":[{"id":7456,"href":"https:\/\/wp.stolaf.edu\/norwegian\/wp-json\/wp\/v2\/pages\/6893\/revisions\/7456"}],"wp:featuredmedia":[{"embeddable":true,"href":"https:\/\/wp.stolaf.edu\/norwegian\/wp-json\/wp\/v2\/media\/5650"}],"wp:attachment":[{"href":"https:\/\/wp.stolaf.edu\/norwegian\/wp-json\/wp\/v2\/media?parent=6893"}],"curies":[{"name":"wp","href":"https:\/\/api.w.org\/{rel}","templated":true}]}}