{"id":754,"date":"2022-09-13T10:10:19","date_gmt":"2022-09-13T15:10:19","guid":{"rendered":"https:\/\/wp.stolaf.edu\/nourishing-vocation\/?page_id=754"},"modified":"2023-09-08T16:09:08","modified_gmt":"2023-09-08T21:09:08","slug":"images-for-reflection-the-emmaus-road","status":"publish","type":"page","link":"https:\/\/wp.stolaf.edu\/nourishing-vocation\/opening_page\/nvp-intro\/nourishing-vocation-lectionary\/images-for-reflection-the-emmaus-road\/","title":{"rendered":"Images for Reflection: The Emmaus Road"},"content":{"rendered":"<div data-modular-content-collection><p style=\"text-align: center;\"><span style=\"font-weight: 400;\">What do you see in this image?<\/span><\/p>\n<p style=\"text-align: center;\"><span style=\"font-weight: 400;\">What do you feel looking at this image?<\/span><\/p>\n<p style=\"text-align: center;\"><span style=\"font-weight: 400;\">What stories from your own life does this image bring to mind?<\/span><\/p>\n<p style=\"text-align: center;\"><span style=\"font-weight: 400;\">What stories of the world does this image bring to mind?<\/span><\/p>\n<div class=\"tiled-gallery type-rectangular tiled-gallery-unresized\" data-original-width=\"810\" data-carousel-extra='null' itemscope itemtype=\"http:\/\/schema.org\/ImageGallery\" > <div class=\"gallery-row\" style=\"width: 810px; height: 369px;\" data-original-width=\"810\" data-original-height=\"369\" > <div class=\"gallery-group images-2\" style=\"width: 264px; height: 369px;\" data-original-width=\"264\" data-original-height=\"369\" > <div class=\"tiled-gallery-item tiled-gallery-item-large\" itemprop=\"associatedMedia\" itemscope itemtype=\"http:\/\/schema.org\/ImageObject\"> <a href=\"https:\/\/wp.stolaf.edu\/nourishing-vocation\/opening_page\/nvp-intro\/nourishing-vocation-lectionary\/images-for-reflection-the-emmaus-road\/le_christ_a_emmaus_by_strozzi_-_small\/\" border=\"0\" itemprop=\"url\"> <meta itemprop=\"width\" content=\"260\"> <meta itemprop=\"height\" content=\"188\"> <img decoding=\"async\" class=\"\" data-attachment-id=\"755\" data-orig-file=\"https:\/\/wp.stolaf.edu\/nourishing-vocation\/files\/2022\/09\/Le_Christ_a_Emmaus_by_Strozzi_-_small.jpg\" data-orig-size=\"710,512\" data-comments-opened=\"\" data-image-meta=\"{&quot;aperture&quot;:&quot;0&quot;,&quot;credit&quot;:&quot;&quot;,&quot;camera&quot;:&quot;&quot;,&quot;caption&quot;:&quot;&quot;,&quot;created_timestamp&quot;:&quot;0&quot;,&quot;copyright&quot;:&quot;&quot;,&quot;focal_length&quot;:&quot;0&quot;,&quot;iso&quot;:&quot;0&quot;,&quot;shutter_speed&quot;:&quot;0&quot;,&quot;title&quot;:&quot;&quot;,&quot;orientation&quot;:&quot;0&quot;}\" data-image-title=\"Le_Christ_\u00e0_Emma\u00fcs_by_Strozzi_-_small\" data-image-description=\"\" data-medium-file=\"https:\/\/i0.wp.com\/wp.stolaf.edu\/nourishing-vocation\/files\/2022\/09\/Le_Christ_a_Emmaus_by_Strozzi_-_small.jpg?fit=300%2C216&#038;ssl=1\" data-large-file=\"https:\/\/i0.wp.com\/wp.stolaf.edu\/nourishing-vocation\/files\/2022\/09\/Le_Christ_a_Emmaus_by_Strozzi_-_small.jpg?fit=710%2C512&#038;ssl=1\" src=\"https:\/\/i0.wp.com\/wp.stolaf.edu\/nourishing-vocation\/files\/2022\/09\/Le_Christ_a_Emmaus_by_Strozzi_-_small.jpg?w=260&#038;h=188&#038;ssl=1\" width=\"260\" height=\"188\" loading=\"lazy\" data-original-width=\"260\" data-original-height=\"188\" itemprop=\"http:\/\/schema.org\/image\" title=\"Le_Christ_\u00e0_Emma\u00fcs_by_Strozzi_-_small\" alt=\"Strozzi, Bernardo, 1581-1644. Christ at Emmaus, from Art in the Christian Tradition, a project of the Vanderbilt Divinity Library, Nashville, TN. https:\/\/diglib.library.vanderbilt.edu\/act-imagelink.pl?RC=55039 [retrieved July 8, 2022]. Original source: http:\/\/commons.wikimedia.org\/wiki\/File:Le_Christ_%C3%A0_Emma%C3%BCs_by_Strozzi_-_small.jpg\" style=\"width: 260px; height: 188px;\" \/> <\/a> <div class=\"tiled-gallery-caption\" itemprop=\"caption description\"> Strozzi, Bernardo, 1581-1644. Christ at Emmaus, from Art in the Christian Tradition, a project of the Vanderbilt Divinity Library, Nashville, TN. https:\/\/diglib.library.vanderbilt.edu\/act-imagelink.pl?RC=55039 [retrieved July 8, 2022]. Original source: http:\/\/commons.wikimedia.org\/wiki\/File:Le_Christ_%C3%A0_Emma%C3%BCs_by_Strozzi_-_small.jpg <\/div> <\/div> <div class=\"tiled-gallery-item tiled-gallery-item-large\" itemprop=\"associatedMedia\" itemscope itemtype=\"http:\/\/schema.org\/ImageObject\"> <a href=\"https:\/\/wp.stolaf.edu\/nourishing-vocation\/opening_page\/nvp-intro\/nourishing-vocation-lectionary\/images-for-reflection-the-emmaus-road\/abraham_bloemaert_-_the_emmaus_disciples_-_wga02276\/\" border=\"0\" itemprop=\"url\"> <meta itemprop=\"width\" content=\"260\"> <meta itemprop=\"height\" content=\"173\"> <img decoding=\"async\" class=\"\" data-attachment-id=\"756\" data-orig-file=\"https:\/\/wp.stolaf.edu\/nourishing-vocation\/files\/2022\/09\/Abraham_Bloemaert_-_The_Emmaus_Disciples_-_WGA02276.jpg\" data-orig-size=\"1124,750\" data-comments-opened=\"\" data-image-meta=\"{&quot;aperture&quot;:&quot;0&quot;,&quot;credit&quot;:&quot;&quot;,&quot;camera&quot;:&quot;&quot;,&quot;caption&quot;:&quot;&quot;,&quot;created_timestamp&quot;:&quot;0&quot;,&quot;copyright&quot;:&quot;&quot;,&quot;focal_length&quot;:&quot;0&quot;,&quot;iso&quot;:&quot;0&quot;,&quot;shutter_speed&quot;:&quot;0&quot;,&quot;title&quot;:&quot;&quot;,&quot;orientation&quot;:&quot;0&quot;}\" data-image-title=\"Abraham_Bloemaert_-_The_Emmaus_Disciples_-_WGA02276\" data-image-description=\"\" data-medium-file=\"https:\/\/i0.wp.com\/wp.stolaf.edu\/nourishing-vocation\/files\/2022\/09\/Abraham_Bloemaert_-_The_Emmaus_Disciples_-_WGA02276.jpg?fit=300%2C200&#038;ssl=1\" data-large-file=\"https:\/\/i0.wp.com\/wp.stolaf.edu\/nourishing-vocation\/files\/2022\/09\/Abraham_Bloemaert_-_The_Emmaus_Disciples_-_WGA02276.jpg?fit=1024%2C683&#038;ssl=1\" src=\"https:\/\/i0.wp.com\/wp.stolaf.edu\/nourishing-vocation\/files\/2022\/09\/Abraham_Bloemaert_-_The_Emmaus_Disciples_-_WGA02276.jpg?w=260&#038;h=173&#038;ssl=1\" width=\"260\" height=\"173\" loading=\"lazy\" data-original-width=\"260\" data-original-height=\"173\" itemprop=\"http:\/\/schema.org\/image\" title=\"Abraham_Bloemaert_-_The_Emmaus_Disciples_-_WGA02276\" alt=\"Bloemaert, Abraham, 1564-1651. Emmaus Disciples, from Art in the Christian Tradition, a project of the Vanderbilt Divinity Library, Nashville, TN. https:\/\/diglib.library.vanderbilt.edu\/act-imagelink.pl?RC=55025 [retrieved July 8, 2022]. Original source: http:\/\/commons.wikimedia.org\/wiki\/File:Abraham_Bloemaert_-_The_Emmaus_Disciples_-_WGA02276.jpg.\" style=\"width: 260px; height: 173px;\" \/> <\/a> <div class=\"tiled-gallery-caption\" itemprop=\"caption description\"> Bloemaert, Abraham, 1564-1651. Emmaus Disciples, from Art in the Christian Tradition, a project of the Vanderbilt Divinity Library, Nashville, TN. https:\/\/diglib.library.vanderbilt.edu\/act-imagelink.pl?RC=55025 [retrieved July 8, 2022]. Original source: http:\/\/commons.wikimedia.org\/wiki\/File:Abraham_Bloemaert_-_The_Emmaus_Disciples_-_WGA02276.jpg. <\/div> <\/div> <\/div> <!-- close group --> <div class=\"gallery-group images-2\" style=\"width: 233px; height: 369px;\" data-original-width=\"233\" data-original-height=\"369\" > <div class=\"tiled-gallery-item tiled-gallery-item-small\" itemprop=\"associatedMedia\" itemscope itemtype=\"http:\/\/schema.org\/ImageObject\"> <a href=\"https:\/\/wp.stolaf.edu\/nourishing-vocation\/opening_page\/nvp-intro\/nourishing-vocation-lectionary\/images-for-reflection-the-emmaus-road\/christ_on_the_road_to_emmaus_g-001552-20120605\/\" border=\"0\" itemprop=\"url\"> <meta itemprop=\"width\" content=\"229\"> <meta itemprop=\"height\" content=\"189\"> <img decoding=\"async\" class=\"\" data-attachment-id=\"757\" data-orig-file=\"https:\/\/wp.stolaf.edu\/nourishing-vocation\/files\/2022\/09\/Christ_on_the_Road_to_Emmaus_G-001552-20120605.jpg\" data-orig-size=\"2560,2116\" data-comments-opened=\"\" data-image-meta=\"{&quot;aperture&quot;:&quot;0&quot;,&quot;credit&quot;:&quot;&quot;,&quot;camera&quot;:&quot;&quot;,&quot;caption&quot;:&quot;&quot;,&quot;created_timestamp&quot;:&quot;0&quot;,&quot;copyright&quot;:&quot;&quot;,&quot;focal_length&quot;:&quot;0&quot;,&quot;iso&quot;:&quot;0&quot;,&quot;shutter_speed&quot;:&quot;0&quot;,&quot;title&quot;:&quot;&quot;,&quot;orientation&quot;:&quot;0&quot;}\" data-image-title=\"Christ_on_the_Road_to_Emmaus_G-001552-20120605\" data-image-description=\"\" data-medium-file=\"https:\/\/i0.wp.com\/wp.stolaf.edu\/nourishing-vocation\/files\/2022\/09\/Christ_on_the_Road_to_Emmaus_G-001552-20120605.jpg?fit=300%2C248&#038;ssl=1\" data-large-file=\"https:\/\/i0.wp.com\/wp.stolaf.edu\/nourishing-vocation\/files\/2022\/09\/Christ_on_the_Road_to_Emmaus_G-001552-20120605.jpg?fit=1024%2C846&#038;ssl=1\" src=\"https:\/\/i0.wp.com\/wp.stolaf.edu\/nourishing-vocation\/files\/2022\/09\/Christ_on_the_Road_to_Emmaus_G-001552-20120605.jpg?w=229&#038;h=189&#038;ssl=1\" width=\"229\" height=\"189\" loading=\"lazy\" data-original-width=\"229\" data-original-height=\"189\" itemprop=\"http:\/\/schema.org\/image\" title=\"Christ_on_the_Road_to_Emmaus_G-001552-20120605\" alt=\"Christ on the Road to Emmaus, from Art in the Christian Tradition, a project of the Vanderbilt Divinity Library, Nashville, TN. https:\/\/diglib.library.vanderbilt.edu\/act-imagelink.pl?RC=56880[retrieved July 8, 2022]. Original source: https:\/\/commons.wikimedia.org\/wiki\/File:Christ_on_the_Road_to_Emmaus_G-001552-20120605.jpg.\" style=\"width: 229px; height: 189px;\" \/> <\/a> <div class=\"tiled-gallery-caption\" itemprop=\"caption description\"> Christ on the Road to Emmaus, from Art in the Christian Tradition, a project of the Vanderbilt Divinity Library, Nashville, TN. https:\/\/diglib.library.vanderbilt.edu\/act-imagelink.pl?RC=56880[retrieved July 8, 2022]. Original source: https:\/\/commons.wikimedia.org\/wiki\/File:Christ_on_the_Road_to_Emmaus_G-001552-20120605.jpg. <\/div> <\/div> <div class=\"tiled-gallery-item tiled-gallery-item-small\" itemprop=\"associatedMedia\" itemscope itemtype=\"http:\/\/schema.org\/ImageObject\"> <a href=\"https:\/\/wp.stolaf.edu\/nourishing-vocation\/opening_page\/nvp-intro\/nourishing-vocation-lectionary\/images-for-reflection-the-emmaus-road\/wla_cma_christ_and_the_disciples_at_emmaus\/\" border=\"0\" itemprop=\"url\"> <meta itemprop=\"width\" content=\"229\"> <meta itemprop=\"height\" content=\"172\"> <img decoding=\"async\" class=\"\" data-attachment-id=\"758\" data-orig-file=\"https:\/\/wp.stolaf.edu\/nourishing-vocation\/files\/2022\/09\/WLA_cma_Christ_and_the_Disciples_at_Emmaus.jpg\" data-orig-size=\"2560,1922\" data-comments-opened=\"\" data-image-meta=\"{&quot;aperture&quot;:&quot;0&quot;,&quot;credit&quot;:&quot;&quot;,&quot;camera&quot;:&quot;&quot;,&quot;caption&quot;:&quot;&quot;,&quot;created_timestamp&quot;:&quot;0&quot;,&quot;copyright&quot;:&quot;&quot;,&quot;focal_length&quot;:&quot;0&quot;,&quot;iso&quot;:&quot;0&quot;,&quot;shutter_speed&quot;:&quot;0&quot;,&quot;title&quot;:&quot;&quot;,&quot;orientation&quot;:&quot;0&quot;}\" data-image-title=\"WLA_cma_Christ_and_the_Disciples_at_Emmaus\" data-image-description=\"\" data-medium-file=\"https:\/\/i0.wp.com\/wp.stolaf.edu\/nourishing-vocation\/files\/2022\/09\/WLA_cma_Christ_and_the_Disciples_at_Emmaus.jpg?fit=300%2C225&#038;ssl=1\" data-large-file=\"https:\/\/i0.wp.com\/wp.stolaf.edu\/nourishing-vocation\/files\/2022\/09\/WLA_cma_Christ_and_the_Disciples_at_Emmaus.jpg?fit=1024%2C769&#038;ssl=1\" src=\"https:\/\/i0.wp.com\/wp.stolaf.edu\/nourishing-vocation\/files\/2022\/09\/WLA_cma_Christ_and_the_Disciples_at_Emmaus.jpg?w=229&#038;h=172&#038;ssl=1\" width=\"229\" height=\"172\" loading=\"lazy\" data-original-width=\"229\" data-original-height=\"172\" itemprop=\"http:\/\/schema.org\/image\" title=\"WLA_cma_Christ_and_the_Disciples_at_Emmaus\" alt=\"Dagnan-Bouveret, Pascal-Adolphe-Jean, 1852-1929. Christ and the Disciples at Emmaus, from Art in the Christian Tradition, a project of the Vanderbilt Divinity Library, Nashville, TN. https:\/\/diglib.library.vanderbilt.edu\/act-imagelink.pl?RC=55026 [retrieved July 8, 2022]. Original source: http:\/\/commons.wikimedia.org\/wiki\/File:WLA_cma_Christ_and_the_Disciples_at_Emmaus.jpg.\" style=\"width: 229px; height: 172px;\" \/> <\/a> <div class=\"tiled-gallery-caption\" itemprop=\"caption description\"> Dagnan-Bouveret, Pascal-Adolphe-Jean, 1852-1929. Christ and the Disciples at Emmaus, from Art in the Christian Tradition, a project of the Vanderbilt Divinity Library, Nashville, TN. https:\/\/diglib.library.vanderbilt.edu\/act-imagelink.pl?RC=55026 [retrieved July 8, 2022]. Original source: http:\/\/commons.wikimedia.org\/wiki\/File:WLA_cma_Christ_and_the_Disciples_at_Emmaus.jpg. <\/div> <\/div> <\/div> <!-- close group --> <div class=\"gallery-group images-1\" style=\"width: 313px; height: 369px;\" data-original-width=\"313\" data-original-height=\"369\" > <div class=\"tiled-gallery-item tiled-gallery-item-large\" itemprop=\"associatedMedia\" itemscope itemtype=\"http:\/\/schema.org\/ImageObject\"> <a href=\"https:\/\/wp.stolaf.edu\/nourishing-vocation\/opening_page\/nvp-intro\/nourishing-vocation-lectionary\/images-for-reflection-the-emmaus-road\/brooklyn_museum_-_the_disciples_at_emmaus_or_the_pilgrims_at_emmaus_les_disciples_demmaus_ou_les_pelerins_demmaus_-_eugene_delacroix\/\" border=\"0\" itemprop=\"url\"> <meta itemprop=\"width\" content=\"309\"> <meta itemprop=\"height\" content=\"365\"> <img decoding=\"async\" class=\"\" data-attachment-id=\"759\" data-orig-file=\"https:\/\/wp.stolaf.edu\/nourishing-vocation\/files\/2022\/09\/Brooklyn_Museum_-_The_Disciples_at_Emmaus_or_The_Pilgrims_at_Emmaus_Les_disciples_dEmmaus_ou_Les_pelerins_dEmmaus_-_Eugene_Delacroix.jpg\" data-orig-size=\"975,1152\" data-comments-opened=\"\" data-image-meta=\"{&quot;aperture&quot;:&quot;0&quot;,&quot;credit&quot;:&quot;&quot;,&quot;camera&quot;:&quot;&quot;,&quot;caption&quot;:&quot;&quot;,&quot;created_timestamp&quot;:&quot;0&quot;,&quot;copyright&quot;:&quot;&quot;,&quot;focal_length&quot;:&quot;0&quot;,&quot;iso&quot;:&quot;0&quot;,&quot;shutter_speed&quot;:&quot;0&quot;,&quot;title&quot;:&quot;&quot;,&quot;orientation&quot;:&quot;0&quot;}\" data-image-title=\"Brooklyn_Museum_-_The_Disciples_at_Emmaus_or_The_Pilgrims_at_Emmaus_(Les_disciples_d&amp;#8217;Emma\u00fcs_ou_Les_p\u00e8lerins_d&amp;#8217;Emma\u00fcs)_-_Eug\u00e8ne_Delacroix\" data-image-description=\"\" data-medium-file=\"https:\/\/i0.wp.com\/wp.stolaf.edu\/nourishing-vocation\/files\/2022\/09\/Brooklyn_Museum_-_The_Disciples_at_Emmaus_or_The_Pilgrims_at_Emmaus_Les_disciples_dEmmaus_ou_Les_pelerins_dEmmaus_-_Eugene_Delacroix.jpg?fit=254%2C300&#038;ssl=1\" data-large-file=\"https:\/\/i0.wp.com\/wp.stolaf.edu\/nourishing-vocation\/files\/2022\/09\/Brooklyn_Museum_-_The_Disciples_at_Emmaus_or_The_Pilgrims_at_Emmaus_Les_disciples_dEmmaus_ou_Les_pelerins_dEmmaus_-_Eugene_Delacroix.jpg?fit=867%2C1024&#038;ssl=1\" src=\"https:\/\/i0.wp.com\/wp.stolaf.edu\/nourishing-vocation\/files\/2022\/09\/Brooklyn_Museum_-_The_Disciples_at_Emmaus_or_The_Pilgrims_at_Emmaus_Les_disciples_dEmmaus_ou_Les_pelerins_dEmmaus_-_Eugene_Delacroix.jpg?w=309&#038;h=365&#038;ssl=1\" width=\"309\" height=\"365\" loading=\"lazy\" data-original-width=\"309\" data-original-height=\"365\" itemprop=\"http:\/\/schema.org\/image\" title=\"Brooklyn_Museum_-_The_Disciples_at_Emmaus_or_The_Pilgrims_at_Emmaus_(Les_disciples_d&#039;Emma\u00fcs_ou_Les_p\u00e8lerins_d&#039;Emma\u00fcs)_-_Eug\u00e8ne_Delacroix\" alt=\"Delacroix, Euge\u0300ne, 1798-1863. Disciples at Emmaus, from Art in the Christian Tradition, a project of the Vanderbilt Divinity Library, Nashville, TN. https:\/\/diglib.library.vanderbilt.edu\/act-imagelink.pl?RC=56884 [retrieved July 8, 2022]. Original source: https:\/\/commons.wikimedia.org\/wiki\/File:Brooklyn_Museum_-_The_Disciples_at_Emmaus_or_The_Pilgrims_at_Emmaus_(Les_disciples_d%27Emma%C3%BCs_ou_Les_p%C3%A8lerins_d%27Emma%C3%BCs)_-_Eug%C3%A8ne_Delacroix.jpg.\" style=\"width: 309px; height: 365px;\" \/> <\/a> <div class=\"tiled-gallery-caption\" itemprop=\"caption description\"> Delacroix, Euge\u0300ne, 1798-1863. Disciples at Emmaus, from Art in the Christian Tradition, a project of the Vanderbilt Divinity Library, Nashville, TN. https:\/\/diglib.library.vanderbilt.edu\/act-imagelink.pl?RC=56884 [retrieved July 8, 2022]. Original source: https:\/\/commons.wikimedia.org\/wiki\/File:Brooklyn_Museum_-_The_Disciples_at_Emmaus_or_The_Pilgrims_at_Emmaus_(Les_disciples_d%27Emma%C3%BCs_ou_Les_p%C3%A8lerins_d%27Emma%C3%BCs)_-_Eug%C3%A8ne_Delacroix.jpg. <\/div> <\/div> <\/div> <!-- close group --> <\/div> <!-- close row --> <\/div>\n<p><!-- begin-migrated-from-panel-builder --><!-- end-migrated-from-panel-builder --><\/p>\n<\/div>","protected":false},"excerpt":{"rendered":"<p>What do you see in this image? What do you feel looking at this image? What stories from your own life does this image bring to mind? What stories of [&hellip;]<\/p>\n","protected":false},"author":8561,"featured_media":0,"parent":110,"menu_order":0,"comment_status":"closed","ping_status":"closed","template":"","meta":{"_acf_changed":false,"footnotes":""},"class_list":["post-754","page","type-page","status-publish","hentry"],"acf":[],"jetpack_sharing_enabled":true,"_links":{"self":[{"href":"https:\/\/wp.stolaf.edu\/nourishing-vocation\/wp-json\/wp\/v2\/pages\/754","targetHints":{"allow":["GET"]}}],"collection":[{"href":"https:\/\/wp.stolaf.edu\/nourishing-vocation\/wp-json\/wp\/v2\/pages"}],"about":[{"href":"https:\/\/wp.stolaf.edu\/nourishing-vocation\/wp-json\/wp\/v2\/types\/page"}],"author":[{"embeddable":true,"href":"https:\/\/wp.stolaf.edu\/nourishing-vocation\/wp-json\/wp\/v2\/users\/8561"}],"replies":[{"embeddable":true,"href":"https:\/\/wp.stolaf.edu\/nourishing-vocation\/wp-json\/wp\/v2\/comments?post=754"}],"version-history":[{"count":3,"href":"https:\/\/wp.stolaf.edu\/nourishing-vocation\/wp-json\/wp\/v2\/pages\/754\/revisions"}],"predecessor-version":[{"id":2557,"href":"https:\/\/wp.stolaf.edu\/nourishing-vocation\/wp-json\/wp\/v2\/pages\/754\/revisions\/2557"}],"up":[{"embeddable":true,"href":"https:\/\/wp.stolaf.edu\/nourishing-vocation\/wp-json\/wp\/v2\/pages\/110"}],"wp:attachment":[{"href":"https:\/\/wp.stolaf.edu\/nourishing-vocation\/wp-json\/wp\/v2\/media?parent=754"}],"curies":[{"name":"wp","href":"https:\/\/api.w.org\/{rel}","templated":true}]}}