{"id":887,"date":"2022-09-13T14:15:30","date_gmt":"2022-09-13T19:15:30","guid":{"rendered":"https:\/\/wp.stolaf.edu\/nourishing-vocation\/?page_id=887"},"modified":"2023-09-11T09:00:05","modified_gmt":"2023-09-11T14:00:05","slug":"images-for-reflection-a-man-born-blind","status":"publish","type":"page","link":"https:\/\/wp.stolaf.edu\/nourishing-vocation\/opening_page\/nvp-intro\/nourishing-vocation-lectionary\/images-for-reflection-a-man-born-blind\/","title":{"rendered":"Images for Reflection: A Man Born Blind"},"content":{"rendered":"<div data-modular-content-collection><p style=\"text-align: center;\"><span style=\"font-weight: 400;\">What do you see in this image?<\/span><\/p>\n<p style=\"text-align: center;\"><span style=\"font-weight: 400;\">What do you feel looking at this image?<\/span><\/p>\n<p style=\"text-align: center;\"><span style=\"font-weight: 400;\">What stories from your own life does this image bring to mind?<\/span><\/p>\n<p style=\"text-align: center;\"><span style=\"font-weight: 400;\">What stories of the world does this image bring to mind?<\/span><\/p>\n<div class=\"tiled-gallery type-rectangular tiled-gallery-unresized\" data-original-width=\"810\" data-carousel-extra='null' itemscope itemtype=\"http:\/\/schema.org\/ImageGallery\" > <div class=\"gallery-row\" style=\"width: 810px; height: 466px;\" data-original-width=\"810\" data-original-height=\"466\" > <div class=\"gallery-group images-2\" style=\"width: 242px; height: 466px;\" data-original-width=\"242\" data-original-height=\"466\" > <div class=\"tiled-gallery-item tiled-gallery-item-small\" itemprop=\"associatedMedia\" itemscope itemtype=\"http:\/\/schema.org\/ImageObject\"> <a href=\"https:\/\/wp.stolaf.edu\/nourishing-vocation\/opening_page\/nvp-intro\/nourishing-vocation-lectionary\/images-for-reflection-a-man-born-blind\/512px-annibale_carracci_-_healing_the_man_born_blind_-_google_art_project\/\" border=\"0\" itemprop=\"url\"> <meta itemprop=\"width\" content=\"238\"> <meta itemprop=\"height\" content=\"284\"> <img decoding=\"async\" class=\"\" data-attachment-id=\"888\" data-orig-file=\"https:\/\/wp.stolaf.edu\/nourishing-vocation\/files\/2022\/09\/512px-Annibale_Carracci_-_Healing_the_Man_Born_Blind_-_Google_Art_Project.jpg\" data-orig-size=\"512,611\" data-comments-opened=\"\" data-image-meta=\"{&quot;aperture&quot;:&quot;0&quot;,&quot;credit&quot;:&quot;&quot;,&quot;camera&quot;:&quot;&quot;,&quot;caption&quot;:&quot;&quot;,&quot;created_timestamp&quot;:&quot;0&quot;,&quot;copyright&quot;:&quot;&quot;,&quot;focal_length&quot;:&quot;0&quot;,&quot;iso&quot;:&quot;0&quot;,&quot;shutter_speed&quot;:&quot;0&quot;,&quot;title&quot;:&quot;&quot;,&quot;orientation&quot;:&quot;0&quot;}\" data-image-title=\"512px-Annibale_Carracci_-_Healing_the_Man_Born_Blind_-_Google_Art_Project\" data-image-description=\"\" data-medium-file=\"https:\/\/i0.wp.com\/wp.stolaf.edu\/nourishing-vocation\/files\/2022\/09\/512px-Annibale_Carracci_-_Healing_the_Man_Born_Blind_-_Google_Art_Project.jpg?fit=251%2C300&#038;ssl=1\" data-large-file=\"https:\/\/i0.wp.com\/wp.stolaf.edu\/nourishing-vocation\/files\/2022\/09\/512px-Annibale_Carracci_-_Healing_the_Man_Born_Blind_-_Google_Art_Project.jpg?fit=512%2C611&#038;ssl=1\" src=\"https:\/\/i0.wp.com\/wp.stolaf.edu\/nourishing-vocation\/files\/2022\/09\/512px-Annibale_Carracci_-_Healing_the_Man_Born_Blind_-_Google_Art_Project.jpg?w=238&#038;h=284&#038;ssl=1\" width=\"238\" height=\"284\" loading=\"lazy\" data-original-width=\"238\" data-original-height=\"284\" itemprop=\"http:\/\/schema.org\/image\" title=\"512px-Annibale_Carracci_-_Healing_the_Man_Born_Blind_-_Google_Art_Project\" alt=\"Carracci, Annibale, 1560-1609. Healing the Man Born Blind, from Art in the Christian Tradition, a project of the Vanderbilt Divinity Library, Nashville, TN. https:\/\/diglib.library.vanderbilt.edu\/act-imagelink.pl?RC=57307 [retrieved July 11, 2022]. Original source: https:\/\/commons.wikimedia.org\/wiki\/File:Annibale_Carracci_-_Healing_the_Man_Born_Blind_-_Google_Art_Project.jpg.\" style=\"width: 238px; height: 284px;\" \/> <\/a> <div class=\"tiled-gallery-caption\" itemprop=\"caption description\"> Carracci, Annibale, 1560-1609. Healing the Man Born Blind, from Art in the Christian Tradition, a project of the Vanderbilt Divinity Library, Nashville, TN. https:\/\/diglib.library.vanderbilt.edu\/act-imagelink.pl?RC=57307 [retrieved July 11, 2022]. Original source: https:\/\/commons.wikimedia.org\/wiki\/File:Annibale_Carracci_-_Healing_the_Man_Born_Blind_-_Google_Art_Project.jpg. <\/div> <\/div> <div class=\"tiled-gallery-item tiled-gallery-item-small\" itemprop=\"associatedMedia\" itemscope itemtype=\"http:\/\/schema.org\/ImageObject\"> <a href=\"https:\/\/wp.stolaf.edu\/nourishing-vocation\/opening_page\/nvp-intro\/nourishing-vocation-lectionary\/images-for-reflection-a-man-born-blind\/brooklyn_museum_-_the_blind_man_washes_in_the_pool_of_siloam_le_aveugle-ne_se_lave_a_la_piscine_de_siloe_-_james_tissot\/\" border=\"0\" itemprop=\"url\"> <meta itemprop=\"width\" content=\"238\"> <meta itemprop=\"height\" content=\"174\"> <img decoding=\"async\" class=\"\" data-attachment-id=\"889\" data-orig-file=\"https:\/\/wp.stolaf.edu\/nourishing-vocation\/files\/2022\/09\/Brooklyn_Museum_-_The_Blind_Man_Washes_in_the_Pool_of_Siloam_Le_aveugle-ne_se_lave_a_la_piscine_de_Siloe_-_James_Tissot.jpg\" data-orig-size=\"768,562\" data-comments-opened=\"\" data-image-meta=\"{&quot;aperture&quot;:&quot;0&quot;,&quot;credit&quot;:&quot;&quot;,&quot;camera&quot;:&quot;&quot;,&quot;caption&quot;:&quot;&quot;,&quot;created_timestamp&quot;:&quot;0&quot;,&quot;copyright&quot;:&quot;&quot;,&quot;focal_length&quot;:&quot;0&quot;,&quot;iso&quot;:&quot;0&quot;,&quot;shutter_speed&quot;:&quot;0&quot;,&quot;title&quot;:&quot;&quot;,&quot;orientation&quot;:&quot;0&quot;}\" data-image-title=\"Brooklyn_Museum_-_The_Blind_Man_Washes_in_the_Pool_of_Siloam_(Le_aveugle-n\u00e9_se_lave_\u00e0_la_piscine_de_Silo\u00eb)_-_James_Tissot\" data-image-description=\"\" data-medium-file=\"https:\/\/i0.wp.com\/wp.stolaf.edu\/nourishing-vocation\/files\/2022\/09\/Brooklyn_Museum_-_The_Blind_Man_Washes_in_the_Pool_of_Siloam_Le_aveugle-ne_se_lave_a_la_piscine_de_Siloe_-_James_Tissot.jpg?fit=300%2C220&#038;ssl=1\" data-large-file=\"https:\/\/i0.wp.com\/wp.stolaf.edu\/nourishing-vocation\/files\/2022\/09\/Brooklyn_Museum_-_The_Blind_Man_Washes_in_the_Pool_of_Siloam_Le_aveugle-ne_se_lave_a_la_piscine_de_Siloe_-_James_Tissot.jpg?fit=768%2C562&#038;ssl=1\" src=\"https:\/\/i0.wp.com\/wp.stolaf.edu\/nourishing-vocation\/files\/2022\/09\/Brooklyn_Museum_-_The_Blind_Man_Washes_in_the_Pool_of_Siloam_Le_aveugle-ne_se_lave_a_la_piscine_de_Siloe_-_James_Tissot.jpg?w=238&#038;h=174&#038;ssl=1\" width=\"238\" height=\"174\" loading=\"lazy\" data-original-width=\"238\" data-original-height=\"174\" itemprop=\"http:\/\/schema.org\/image\" title=\"Brooklyn_Museum_-_The_Blind_Man_Washes_in_the_Pool_of_Siloam_(Le_aveugle-n\u00e9_se_lave_\u00e0_la_piscine_de_Silo\u00eb)_-_James_Tissot\" alt=\"Tissot, James, 1836-1902. Blind Man Washes in the Pool of Siloam, from Art in the Christian Tradition, a project of the Vanderbilt Divinity Library, Nashville, TN. https:\/\/diglib.library.vanderbilt.edu\/act-imagelink.pl?RC=57306 [retrieved July 11, 2022]. Original source: https:\/\/commons.wikimedia.org\/wiki\/File:Brooklyn_Museum_-_The_Blind_Man_Washes_in_the_Pool_of_Siloam_(Le_aveugle-n%C3%A9_se_lave_%C3%A0_la_piscine_de_Silo%C3%AB)_-_James_Tissot.jpg.\" style=\"width: 238px; height: 174px;\" \/> <\/a> <div class=\"tiled-gallery-caption\" itemprop=\"caption description\"> Tissot, James, 1836-1902. Blind Man Washes in the Pool of Siloam, from Art in the Christian Tradition, a project of the Vanderbilt Divinity Library, Nashville, TN. https:\/\/diglib.library.vanderbilt.edu\/act-imagelink.pl?RC=57306 [retrieved July 11, 2022]. Original source: https:\/\/commons.wikimedia.org\/wiki\/File:Brooklyn_Museum_-_The_Blind_Man_Washes_in_the_Pool_of_Siloam_(Le_aveugle-n%C3%A9_se_lave_%C3%A0_la_piscine_de_Silo%C3%AB)_-_James_Tissot.jpg. <\/div> <\/div> <\/div> <!-- close group --> <div class=\"gallery-group images-1\" style=\"width: 258px; height: 466px;\" data-original-width=\"258\" data-original-height=\"466\" > <div class=\"tiled-gallery-item tiled-gallery-item-large\" itemprop=\"associatedMedia\" itemscope itemtype=\"http:\/\/schema.org\/ImageObject\"> <a href=\"https:\/\/wp.stolaf.edu\/nourishing-vocation\/opening_page\/nvp-intro\/nourishing-vocation-lectionary\/images-for-reflection-a-man-born-blind\/512px-christ_and_the_pauper\/\" border=\"0\" itemprop=\"url\"> <meta itemprop=\"width\" content=\"254\"> <meta itemprop=\"height\" content=\"462\"> <img decoding=\"async\" class=\"\" data-attachment-id=\"890\" data-orig-file=\"https:\/\/wp.stolaf.edu\/nourishing-vocation\/files\/2022\/09\/512px-Christ_and_the_pauper.jpg\" data-orig-size=\"512,931\" data-comments-opened=\"\" data-image-meta=\"{&quot;aperture&quot;:&quot;0&quot;,&quot;credit&quot;:&quot;&quot;,&quot;camera&quot;:&quot;&quot;,&quot;caption&quot;:&quot;&quot;,&quot;created_timestamp&quot;:&quot;0&quot;,&quot;copyright&quot;:&quot;&quot;,&quot;focal_length&quot;:&quot;0&quot;,&quot;iso&quot;:&quot;0&quot;,&quot;shutter_speed&quot;:&quot;0&quot;,&quot;title&quot;:&quot;&quot;,&quot;orientation&quot;:&quot;0&quot;}\" data-image-title=\"512px-Christ_and_the_pauper\" data-image-description=\"\" data-medium-file=\"https:\/\/i0.wp.com\/wp.stolaf.edu\/nourishing-vocation\/files\/2022\/09\/512px-Christ_and_the_pauper.jpg?fit=165%2C300&#038;ssl=1\" data-large-file=\"https:\/\/i0.wp.com\/wp.stolaf.edu\/nourishing-vocation\/files\/2022\/09\/512px-Christ_and_the_pauper.jpg?fit=512%2C931&#038;ssl=1\" src=\"https:\/\/i0.wp.com\/wp.stolaf.edu\/nourishing-vocation\/files\/2022\/09\/512px-Christ_and_the_pauper.jpg?w=254&#038;h=462&#038;ssl=1\" width=\"254\" height=\"462\" loading=\"lazy\" data-original-width=\"254\" data-original-height=\"462\" itemprop=\"http:\/\/schema.org\/image\" title=\"512px-Christ_and_the_pauper\" alt=\"Mironov, Andrei\u0306 (Andrei\u0306 Nikolaevich), 1975-. Christ and the Pauper, from Art in the Christian Tradition, a project of the Vanderbilt Divinity Library, Nashville, TN. https:\/\/diglib.library.vanderbilt.edu\/act-imagelink.pl?RC=57309 [retrieved July 11, 2022]. Original source: https:\/\/commons.wikimedia.org\/wiki\/File:Christ_and_the_pauper.jpg.\" style=\"width: 254px; height: 462px;\" \/> <\/a> <div class=\"tiled-gallery-caption\" itemprop=\"caption description\"> Mironov, Andrei\u0306 (Andrei\u0306 Nikolaevich), 1975-. Christ and the Pauper, from Art in the Christian Tradition, a project of the Vanderbilt Divinity Library, Nashville, TN. https:\/\/diglib.library.vanderbilt.edu\/act-imagelink.pl?RC=57309 [retrieved July 11, 2022]. Original source: https:\/\/commons.wikimedia.org\/wiki\/File:Christ_and_the_pauper.jpg. <\/div> <\/div> <\/div> <!-- close group --> <div class=\"gallery-group images-1\" style=\"width: 310px; height: 466px;\" data-original-width=\"310\" data-original-height=\"466\" > <div class=\"tiled-gallery-item tiled-gallery-item-large\" itemprop=\"associatedMedia\" itemscope itemtype=\"http:\/\/schema.org\/ImageObject\"> <a href=\"https:\/\/wp.stolaf.edu\/nourishing-vocation\/opening_page\/nvp-intro\/nourishing-vocation-lectionary\/images-for-reflection-a-man-born-blind\/jesus-cures-the-man-born-blind-john-91-41\/\" border=\"0\" itemprop=\"url\"> <meta itemprop=\"width\" content=\"306\"> <meta itemprop=\"height\" content=\"462\"> <img decoding=\"async\" class=\"\" data-attachment-id=\"891\" data-orig-file=\"https:\/\/wp.stolaf.edu\/nourishing-vocation\/files\/2022\/09\/Mafa051-medium.jpg\" data-orig-size=\"464,700\" data-comments-opened=\"\" data-image-meta=\"{&quot;aperture&quot;:&quot;0&quot;,&quot;credit&quot;:&quot;&quot;,&quot;camera&quot;:&quot;&quot;,&quot;caption&quot;:&quot;Jesus cures the man born blind - John 9:1-41&quot;,&quot;created_timestamp&quot;:&quot;0&quot;,&quot;copyright&quot;:&quot;&quot;,&quot;focal_length&quot;:&quot;0&quot;,&quot;iso&quot;:&quot;0&quot;,&quot;shutter_speed&quot;:&quot;0&quot;,&quot;title&quot;:&quot;Jesus cures the man born blind - John 9:1-41&quot;,&quot;orientation&quot;:&quot;0&quot;}\" data-image-title=\"Jesus cures the man born blind &amp;#8211; John 9:1-41\" data-image-description=\"\" data-medium-file=\"https:\/\/i0.wp.com\/wp.stolaf.edu\/nourishing-vocation\/files\/2022\/09\/Mafa051-medium.jpg?fit=199%2C300&#038;ssl=1\" data-large-file=\"https:\/\/i0.wp.com\/wp.stolaf.edu\/nourishing-vocation\/files\/2022\/09\/Mafa051-medium.jpg?fit=464%2C700&#038;ssl=1\" src=\"https:\/\/i0.wp.com\/wp.stolaf.edu\/nourishing-vocation\/files\/2022\/09\/Mafa051-medium.jpg?w=306&#038;h=462&#038;ssl=1\" width=\"306\" height=\"462\" loading=\"lazy\" data-original-width=\"306\" data-original-height=\"462\" itemprop=\"http:\/\/schema.org\/image\" title=\"Jesus cures the man born blind - John 9:1-41\" alt=\"Jesus cures the man born blind - John 9:1-41\" style=\"width: 306px; height: 462px;\" \/> <\/a> <div class=\"tiled-gallery-caption\" itemprop=\"caption description\"> Jesus cures the man born blind &#8211; John 9:1-41 <\/div> <\/div> <\/div> <!-- close group --> <\/div> <!-- close row --> <\/div>\n<p><!-- begin-migrated-from-panel-builder --><!-- end-migrated-from-panel-builder --><\/p>\n<\/div>","protected":false},"excerpt":{"rendered":"<p>What do you see in this image? What do you feel looking at this image? What stories from your own life does this image bring to mind? What stories of [&hellip;]<\/p>\n","protected":false},"author":8561,"featured_media":0,"parent":110,"menu_order":0,"comment_status":"closed","ping_status":"closed","template":"","meta":{"_acf_changed":false,"footnotes":""},"class_list":["post-887","page","type-page","status-publish","hentry"],"acf":[],"jetpack_sharing_enabled":true,"_links":{"self":[{"href":"https:\/\/wp.stolaf.edu\/nourishing-vocation\/wp-json\/wp\/v2\/pages\/887","targetHints":{"allow":["GET"]}}],"collection":[{"href":"https:\/\/wp.stolaf.edu\/nourishing-vocation\/wp-json\/wp\/v2\/pages"}],"about":[{"href":"https:\/\/wp.stolaf.edu\/nourishing-vocation\/wp-json\/wp\/v2\/types\/page"}],"author":[{"embeddable":true,"href":"https:\/\/wp.stolaf.edu\/nourishing-vocation\/wp-json\/wp\/v2\/users\/8561"}],"replies":[{"embeddable":true,"href":"https:\/\/wp.stolaf.edu\/nourishing-vocation\/wp-json\/wp\/v2\/comments?post=887"}],"version-history":[{"count":3,"href":"https:\/\/wp.stolaf.edu\/nourishing-vocation\/wp-json\/wp\/v2\/pages\/887\/revisions"}],"predecessor-version":[{"id":2580,"href":"https:\/\/wp.stolaf.edu\/nourishing-vocation\/wp-json\/wp\/v2\/pages\/887\/revisions\/2580"}],"up":[{"embeddable":true,"href":"https:\/\/wp.stolaf.edu\/nourishing-vocation\/wp-json\/wp\/v2\/pages\/110"}],"wp:attachment":[{"href":"https:\/\/wp.stolaf.edu\/nourishing-vocation\/wp-json\/wp\/v2\/media?parent=887"}],"curies":[{"name":"wp","href":"https:\/\/api.w.org\/{rel}","templated":true}]}}