{"id":945,"date":"2022-09-13T16:35:35","date_gmt":"2022-09-13T21:35:35","guid":{"rendered":"https:\/\/wp.stolaf.edu\/nourishing-vocation\/?page_id=945"},"modified":"2023-09-08T16:23:59","modified_gmt":"2023-09-08T21:23:59","slug":"images-for-reflection-humankind","status":"publish","type":"page","link":"https:\/\/wp.stolaf.edu\/nourishing-vocation\/opening_page\/nvp-intro\/nourishing-vocation-lectionary\/images-for-reflection-humankind\/","title":{"rendered":"Images for Reflection: Humankind"},"content":{"rendered":"<div data-modular-content-collection><p style=\"text-align: center;\"><span style=\"font-weight: 400;\">What do you see in this image?<\/span><\/p>\n<p style=\"text-align: center;\"><span style=\"font-weight: 400;\">What do you feel looking at this image?<\/span><\/p>\n<p style=\"text-align: center;\"><span style=\"font-weight: 400;\">What stories from your own life does this image bring to mind?<\/span><\/p>\n<p style=\"text-align: center;\"><span style=\"font-weight: 400;\">What stories of the world does this image bring to mind?<\/span><\/p>\n<div class=\"tiled-gallery type-rectangular tiled-gallery-unresized\" data-original-width=\"810\" data-carousel-extra='null' itemscope itemtype=\"http:\/\/schema.org\/ImageGallery\" > <div class=\"gallery-row\" style=\"width: 810px; height: 251px;\" data-original-width=\"810\" data-original-height=\"251\" > <div class=\"gallery-group images-2\" style=\"width: 117px; height: 251px;\" data-original-width=\"117\" data-original-height=\"251\" > <div class=\"tiled-gallery-item tiled-gallery-item-small\" itemprop=\"associatedMedia\" itemscope itemtype=\"http:\/\/schema.org\/ImageObject\"> <a href=\"https:\/\/wp.stolaf.edu\/nourishing-vocation\/opening_page\/nvp-intro\/nourishing-vocation-lectionary\/images-for-reflection-humankind\/maitre_de_rohan_january\/\" border=\"0\" itemprop=\"url\"> <meta itemprop=\"width\" content=\"113\"> <meta itemprop=\"height\" content=\"168\"> <img decoding=\"async\" class=\"\" data-attachment-id=\"946\" data-orig-file=\"https:\/\/wp.stolaf.edu\/nourishing-vocation\/files\/2022\/09\/Maitre_de_Rohan_january.jpg\" data-orig-size=\"512,764\" data-comments-opened=\"\" data-image-meta=\"{&quot;aperture&quot;:&quot;0&quot;,&quot;credit&quot;:&quot;&quot;,&quot;camera&quot;:&quot;&quot;,&quot;caption&quot;:&quot;&quot;,&quot;created_timestamp&quot;:&quot;0&quot;,&quot;copyright&quot;:&quot;&quot;,&quot;focal_length&quot;:&quot;0&quot;,&quot;iso&quot;:&quot;0&quot;,&quot;shutter_speed&quot;:&quot;0&quot;,&quot;title&quot;:&quot;&quot;,&quot;orientation&quot;:&quot;0&quot;}\" data-image-title=\"Maitre_de_Rohan_january\" data-image-description=\"\" data-medium-file=\"https:\/\/i0.wp.com\/wp.stolaf.edu\/nourishing-vocation\/files\/2022\/09\/Maitre_de_Rohan_january.jpg?fit=201%2C300&#038;ssl=1\" data-large-file=\"https:\/\/i0.wp.com\/wp.stolaf.edu\/nourishing-vocation\/files\/2022\/09\/Maitre_de_Rohan_january.jpg?fit=512%2C764&#038;ssl=1\" src=\"https:\/\/i0.wp.com\/wp.stolaf.edu\/nourishing-vocation\/files\/2022\/09\/Maitre_de_Rohan_january.jpg?w=113&#038;h=168&#038;ssl=1\" width=\"113\" height=\"168\" loading=\"lazy\" data-original-width=\"113\" data-original-height=\"168\" itemprop=\"http:\/\/schema.org\/image\" title=\"Maitre_de_Rohan_january\" alt=\"Rohan Master, 15th cent.. January - God creates the heavens and the earth, from the Grandes Heures de Rohan, from Art in the Christian Tradition, a project of the Vanderbilt Divinity Library, Nashville, TN. https:\/\/diglib.library.vanderbilt.edu\/act-imagelink.pl?RC=55134 [retrieved July 13, 2022]. Original source: http:\/\/commons.wikimedia.org\/wiki\/File:Maitre_de_Rohan_january.jpg.\" style=\"width: 113px; height: 168px;\" \/> <\/a> <div class=\"tiled-gallery-caption\" itemprop=\"caption description\"> Rohan Master, 15th cent.. January &#8211; God creates the heavens and the earth, from the Grandes Heures de Rohan, from Art in the Christian Tradition, a project of the Vanderbilt Divinity Library, Nashville, TN. https:\/\/diglib.library.vanderbilt.edu\/act-imagelink.pl?RC=55134 [retrieved July 13, 2022]. Original source: http:\/\/commons.wikimedia.org\/wiki\/File:Maitre_de_Rohan_january.jpg. <\/div> <\/div> <div class=\"tiled-gallery-item tiled-gallery-item-small\" itemprop=\"associatedMedia\" itemscope itemtype=\"http:\/\/schema.org\/ImageObject\"> <a href=\"https:\/\/wp.stolaf.edu\/nourishing-vocation\/opening_page\/nvp-intro\/nourishing-vocation-lectionary\/images-for-reflection-humankind\/heaven9626795639_087db40ac9_k-medium\/\" border=\"0\" itemprop=\"url\"> <meta itemprop=\"width\" content=\"113\"> <meta itemprop=\"height\" content=\"75\"> <img decoding=\"async\" class=\"\" data-attachment-id=\"947\" data-orig-file=\"https:\/\/wp.stolaf.edu\/nourishing-vocation\/files\/2022\/09\/heaven9626795639_087db40ac9_k-medium.jpg\" data-orig-size=\"800,530\" data-comments-opened=\"\" data-image-meta=\"{&quot;aperture&quot;:&quot;0&quot;,&quot;credit&quot;:&quot;&quot;,&quot;camera&quot;:&quot;&quot;,&quot;caption&quot;:&quot;&quot;,&quot;created_timestamp&quot;:&quot;0&quot;,&quot;copyright&quot;:&quot;jbdodane&quot;,&quot;focal_length&quot;:&quot;0&quot;,&quot;iso&quot;:&quot;0&quot;,&quot;shutter_speed&quot;:&quot;0&quot;,&quot;title&quot;:&quot;&quot;,&quot;orientation&quot;:&quot;1&quot;}\" data-image-title=\"heaven9626795639_087db40ac9_k-medium\" data-image-description=\"\" data-medium-file=\"https:\/\/i0.wp.com\/wp.stolaf.edu\/nourishing-vocation\/files\/2022\/09\/heaven9626795639_087db40ac9_k-medium.jpg?fit=300%2C199&#038;ssl=1\" data-large-file=\"https:\/\/i0.wp.com\/wp.stolaf.edu\/nourishing-vocation\/files\/2022\/09\/heaven9626795639_087db40ac9_k-medium.jpg?fit=800%2C530&#038;ssl=1\" src=\"https:\/\/i0.wp.com\/wp.stolaf.edu\/nourishing-vocation\/files\/2022\/09\/heaven9626795639_087db40ac9_k-medium.jpg?w=113&#038;h=75&#038;ssl=1\" width=\"113\" height=\"75\" loading=\"lazy\" data-original-width=\"113\" data-original-height=\"75\" itemprop=\"http:\/\/schema.org\/image\" title=\"heaven9626795639_087db40ac9_k-medium\" alt=\"Heaven - Creation, from Art in the Christian Tradition, a project of the Vanderbilt Divinity Library, Nashville, TN. https:\/\/diglib.library.vanderbilt.edu\/act-imagelink.pl?RC=57382 [retrieved July 13, 2022]. Original source: https:\/\/www.flickr.com\/photos\/jbdodane\/9626795639\/ - jdbodane.\" style=\"width: 113px; height: 75px;\" \/> <\/a> <div class=\"tiled-gallery-caption\" itemprop=\"caption description\"> Heaven &#8211; Creation, from Art in the Christian Tradition, a project of the Vanderbilt Divinity Library, Nashville, TN. https:\/\/diglib.library.vanderbilt.edu\/act-imagelink.pl?RC=57382 [retrieved July 13, 2022]. Original source: https:\/\/www.flickr.com\/photos\/jbdodane\/9626795639\/ &#8211; jdbodane. <\/div> <\/div> <\/div> <!-- close group --> <div class=\"gallery-group images-1\" style=\"width: 512px; height: 251px;\" data-original-width=\"512\" data-original-height=\"251\" > <div class=\"tiled-gallery-item tiled-gallery-item-large\" itemprop=\"associatedMedia\" itemscope itemtype=\"http:\/\/schema.org\/ImageObject\"> <a href=\"https:\/\/wp.stolaf.edu\/nourishing-vocation\/opening_page\/nvp-intro\/nourishing-vocation-lectionary\/images-for-reflection-humankind\/sun_and_moon_nagy_imre_community_centre_2016_csepel-csillagtelep\/\" border=\"0\" itemprop=\"url\"> <meta itemprop=\"width\" content=\"508\"> <meta itemprop=\"height\" content=\"247\"> <img decoding=\"async\" class=\"\" data-attachment-id=\"948\" data-orig-file=\"https:\/\/wp.stolaf.edu\/nourishing-vocation\/files\/2022\/09\/Sun_and_Moon_Nagy_Imre_Community_Centre_2016_Csepel-Csillagtelep.jpg\" data-orig-size=\"512,249\" data-comments-opened=\"\" data-image-meta=\"{&quot;aperture&quot;:&quot;0&quot;,&quot;credit&quot;:&quot;&quot;,&quot;camera&quot;:&quot;&quot;,&quot;caption&quot;:&quot;: Sun and Moon decor on the wall of the Community Centre named after Imre Nagy - Simon Bolivar Promenade, [[:en: Csepel|Budapest District XXI.]], [[:en:Budapest|Budapest]].}}{{hu|1=: Nap \\u00e9s Hold (n\\u00e9gy elemb\\u0151l \\u00e1ll\\u00f3 k\\u00e9p, sgrafitto?) a Nagy Imre \\u00c1ltal\\u00e1nos M\\u0171vel\\u0151d\\u00e9si K\\u00f6zpont k\\u0171ls\\u0151 fal\\u00e1n. - [[:hu:Budapest|Budapest]], [[:hu:Budapest XXI. ker\\u00fclete|Csepel]] ker\\u00fclet, [[:hu:Csepel-Csillagtelep|Csepel-Csillagtelep]] v\\u00e1rosr\\u00e9sz, Simon Bolivar s\\u00e9t\\u00e1ny{{Location|47|25|0.35|N|19|4|0.36|E|region:HU_dim:20}}&quot;,&quot;created_timestamp&quot;:&quot;0&quot;,&quot;copyright&quot;:&quot;&quot;,&quot;focal_length&quot;:&quot;0&quot;,&quot;iso&quot;:&quot;0&quot;,&quot;shutter_speed&quot;:&quot;0&quot;,&quot;title&quot;:&quot;&quot;,&quot;orientation&quot;:&quot;0&quot;}\" data-image-title=\"Sun_and_Moon,_Nagy_Imre_Community_Centre,_2016_Csepel-Csillagtelep\" data-image-description=\"\" data-medium-file=\"https:\/\/i0.wp.com\/wp.stolaf.edu\/nourishing-vocation\/files\/2022\/09\/Sun_and_Moon_Nagy_Imre_Community_Centre_2016_Csepel-Csillagtelep.jpg?fit=300%2C146&#038;ssl=1\" data-large-file=\"https:\/\/i0.wp.com\/wp.stolaf.edu\/nourishing-vocation\/files\/2022\/09\/Sun_and_Moon_Nagy_Imre_Community_Centre_2016_Csepel-Csillagtelep.jpg?fit=512%2C249&#038;ssl=1\" src=\"https:\/\/i0.wp.com\/wp.stolaf.edu\/nourishing-vocation\/files\/2022\/09\/Sun_and_Moon_Nagy_Imre_Community_Centre_2016_Csepel-Csillagtelep.jpg?w=508&#038;h=247&#038;ssl=1\" width=\"508\" height=\"247\" loading=\"lazy\" data-original-width=\"508\" data-original-height=\"247\" itemprop=\"http:\/\/schema.org\/image\" title=\"Sun_and_Moon,_Nagy_Imre_Community_Centre,_2016_Csepel-Csillagtelep\" alt=\": Sun and Moon decor on the wall of the Community Centre named after Imre Nagy - Simon Bolivar Promenade, [[:en: Csepel|Budapest District XXI.]], [[:en:Budapest|Budapest]].}}{{hu|1=: Nap \u00e9s Hold (n\u00e9gy elemb\u0151l \u00e1ll\u00f3 k\u00e9p, sgrafitto?) a Nagy Imre \u00c1ltal\u00e1nos M\u0171vel\u0151d\u00e9si K\u00f6zpont k\u0171ls\u0151 fal\u00e1n. - [[:hu:Budapest|Budapest]], [[:hu:Budapest XXI. ker\u00fclete|Csepel]] ker\u00fclet, [[:hu:Csepel-Csillagtelep|Csepel-Csillagtelep]] v\u00e1rosr\u00e9sz, Simon Bolivar s\u00e9t\u00e1ny{{Location|47|25|0.35|N|19|4|0.36|E|region:HU_dim:20}}\" style=\"width: 508px; height: 247px;\" \/> <\/a> <div class=\"tiled-gallery-caption\" itemprop=\"caption description\"> : Sun and Moon decor on the wall of the Community Centre named after Imre Nagy &#8211; Simon Bolivar Promenade, [[:en: Csepel|Budapest District XXI.]], [[:en:Budapest|Budapest]].}}{{hu|1=: Nap \u00e9s Hold (n\u00e9gy elemb\u0151l \u00e1ll\u00f3 k\u00e9p, sgrafitto?) a Nagy Imre \u00c1ltal\u00e1nos M\u0171vel\u0151d\u00e9si K\u00f6zpont k\u0171ls\u0151 fal\u00e1n. &#8211; [[:hu:Budapest|Budapest]], [[:hu:Budapest XXI. ker\u00fclete|Csepel]] ker\u00fclet, [[:hu:Csepel-Csillagtelep|Csepel-Csillagtelep]] v\u00e1rosr\u00e9sz, Simon Bolivar s\u00e9t\u00e1ny{{Location|47|25|0.35|N|19|4|0.36|E|region:HU_dim:20}} <\/div> <\/div> <\/div> <!-- close group --> <div class=\"gallery-group images-1\" style=\"width: 181px; height: 251px;\" data-original-width=\"181\" data-original-height=\"251\" > <div class=\"tiled-gallery-item tiled-gallery-item-small\" itemprop=\"associatedMedia\" itemscope itemtype=\"http:\/\/schema.org\/ImageObject\"> <a href=\"https:\/\/wp.stolaf.edu\/nourishing-vocation\/opening_page\/nvp-intro\/nourishing-vocation-lectionary\/images-for-reflection-humankind\/jan_brueghel_the_younger_paradise\/\" border=\"0\" itemprop=\"url\"> <meta itemprop=\"width\" content=\"177\"> <meta itemprop=\"height\" content=\"247\"> <img decoding=\"async\" class=\"\" data-attachment-id=\"949\" data-orig-file=\"https:\/\/wp.stolaf.edu\/nourishing-vocation\/files\/2022\/09\/Jan_Brueghel_the_Younger_Paradise.jpg\" data-orig-size=\"512,717\" data-comments-opened=\"\" data-image-meta=\"{&quot;aperture&quot;:&quot;0&quot;,&quot;credit&quot;:&quot;&quot;,&quot;camera&quot;:&quot;&quot;,&quot;caption&quot;:&quot;&quot;,&quot;created_timestamp&quot;:&quot;0&quot;,&quot;copyright&quot;:&quot;&quot;,&quot;focal_length&quot;:&quot;0&quot;,&quot;iso&quot;:&quot;0&quot;,&quot;shutter_speed&quot;:&quot;0&quot;,&quot;title&quot;:&quot;&quot;,&quot;orientation&quot;:&quot;0&quot;}\" data-image-title=\"Jan_Brueghel_the_Younger_Paradise\" data-image-description=\"\" data-medium-file=\"https:\/\/i0.wp.com\/wp.stolaf.edu\/nourishing-vocation\/files\/2022\/09\/Jan_Brueghel_the_Younger_Paradise.jpg?fit=214%2C300&#038;ssl=1\" data-large-file=\"https:\/\/i0.wp.com\/wp.stolaf.edu\/nourishing-vocation\/files\/2022\/09\/Jan_Brueghel_the_Younger_Paradise.jpg?fit=512%2C717&#038;ssl=1\" src=\"https:\/\/i0.wp.com\/wp.stolaf.edu\/nourishing-vocation\/files\/2022\/09\/Jan_Brueghel_the_Younger_Paradise.jpg?w=177&#038;h=247&#038;ssl=1\" width=\"177\" height=\"247\" loading=\"lazy\" data-original-width=\"177\" data-original-height=\"247\" itemprop=\"http:\/\/schema.org\/image\" title=\"Jan_Brueghel_the_Younger_Paradise\" alt=\"Bruegel, Jan, 1568-1625. Paradise, from Art in the Christian Tradition, a project of the Vanderbilt Divinity Library, Nashville, TN. https:\/\/diglib.library.vanderbilt.edu\/act-imagelink.pl?RC=54171 [retrieved July 13, 2022]. Original source: http:\/\/commons.wikimedia.org\/wiki\/File:Jan_Brueghel_the_Younger_Paradise.jpg.\" style=\"width: 177px; height: 247px;\" \/> <\/a> <div class=\"tiled-gallery-caption\" itemprop=\"caption description\"> Bruegel, Jan, 1568-1625. Paradise, from Art in the Christian Tradition, a project of the Vanderbilt Divinity Library, Nashville, TN. https:\/\/diglib.library.vanderbilt.edu\/act-imagelink.pl?RC=54171 [retrieved July 13, 2022]. Original source: http:\/\/commons.wikimedia.org\/wiki\/File:Jan_Brueghel_the_Younger_Paradise.jpg. <\/div> <\/div> <\/div> <!-- close group --> <\/div> <!-- close row --> <\/div>\n<p><!-- begin-migrated-from-panel-builder --><!-- end-migrated-from-panel-builder --><\/p>\n<\/div>","protected":false},"excerpt":{"rendered":"<p>What do you see in this image? What do you feel looking at this image? What stories from your own life does this image bring to mind? What stories of [&hellip;]<\/p>\n","protected":false},"author":8561,"featured_media":0,"parent":110,"menu_order":0,"comment_status":"closed","ping_status":"closed","template":"","meta":{"_acf_changed":false,"footnotes":""},"class_list":["post-945","page","type-page","status-publish","hentry"],"acf":[],"jetpack_sharing_enabled":true,"_links":{"self":[{"href":"https:\/\/wp.stolaf.edu\/nourishing-vocation\/wp-json\/wp\/v2\/pages\/945","targetHints":{"allow":["GET"]}}],"collection":[{"href":"https:\/\/wp.stolaf.edu\/nourishing-vocation\/wp-json\/wp\/v2\/pages"}],"about":[{"href":"https:\/\/wp.stolaf.edu\/nourishing-vocation\/wp-json\/wp\/v2\/types\/page"}],"author":[{"embeddable":true,"href":"https:\/\/wp.stolaf.edu\/nourishing-vocation\/wp-json\/wp\/v2\/users\/8561"}],"replies":[{"embeddable":true,"href":"https:\/\/wp.stolaf.edu\/nourishing-vocation\/wp-json\/wp\/v2\/comments?post=945"}],"version-history":[{"count":3,"href":"https:\/\/wp.stolaf.edu\/nourishing-vocation\/wp-json\/wp\/v2\/pages\/945\/revisions"}],"predecessor-version":[{"id":2576,"href":"https:\/\/wp.stolaf.edu\/nourishing-vocation\/wp-json\/wp\/v2\/pages\/945\/revisions\/2576"}],"up":[{"embeddable":true,"href":"https:\/\/wp.stolaf.edu\/nourishing-vocation\/wp-json\/wp\/v2\/pages\/110"}],"wp:attachment":[{"href":"https:\/\/wp.stolaf.edu\/nourishing-vocation\/wp-json\/wp\/v2\/media?parent=945"}],"curies":[{"name":"wp","href":"https:\/\/api.w.org\/{rel}","templated":true}]}}