{"id":13,"date":"2013-03-05T14:59:19","date_gmt":"2013-03-05T20:59:19","guid":{"rendered":"https:\/\/wp.stolaf.edu\/spanish\/?page_id=13"},"modified":"2023-06-07T08:37:02","modified_gmt":"2023-06-07T13:37:02","slug":"gwendolyn-barnes-karol","status":"publish","type":"page","link":"https:\/\/wp.stolaf.edu\/spanish\/gwendolyn-barnes-karol\/","title":{"rendered":"Gwendolyn Barnes-Karol"},"content":{"rendered":"<div data-modular-content-collection><p><em>Professor of Spanish<\/em><em><br class=\"none\" \/>Director, Foreign Languages Across the Curriculum\u00a0<br class=\"none\" \/><\/em>B.A., Central College; M.A., Middlebury College; Ph.D., Minnesota<\/p>\n<p><strong>Semester I Office Hours:\u00a0<\/strong><br \/>\nM 10:30 am &#8211; 12:00 pm<br \/>\nW 3:15 &#8211; 4:45<br \/>\nand by appointment<br \/>\nTomson 324<br \/>\n<a href=\"mailto:barnesg@stolaf.edu%22\">barnesg@stolaf.edu<\/a><br \/>\n(507) 786-3380<\/p>\n<p>&nbsp;<\/p>\n<p>Gwendolyn Barnes-Karol (Ph.D., Minnesota) is a specialist in Spanish Literature with a secondary interest in curriculum and instruction (second languages and cultures), whose research interests highlight the interaction between oral and written\/print culture, the development of the Spanish literary canon, the reception of literature by both native- and non-native-speakers of Spanish, the use of authentic cultural materials in the classroom, and content-based instruction in foreign languages. As an undergraduate, she studied at the Universities of Santiago de Compostela, Granada, and Complutense (Madrid) in Spain; as an MA student, she completed her degree through Middlebury College\u2019s Graduate School of Spanish at Madrid\u2019s Instituto Internacional. Barnes-Karol teaches Spanish language as well as the literature and culture of Spain; her recent major-level courses have focused on 17th century literature, religious minorities throughout Spanish history (Jews, Muslims, and Protestants), literature of the Spanish Civil War, and narrative in post-Franco Spain. She has taught St. Olaf January Terms abroad in Costa Rica, Ecuador, Mexico, and Spain in addition to graduate courses in Spain through the Quincentennial Summer Program for U.S. High School Teachers sponsored by Spain&#8217;s Ministry of Culture, the Fundaci\u00f3n Ortega and Gasset, and the University of Minnesota. She is co-editor with the late Cristina Dupl\u00e1a of <em>Las nacionalidades del Estado espa\u00f1ol: una problem\u00e1tica cultural<\/em>\u00a0(1986), and her articles, translations, and book chapters have been published in the Hispanic Issues monograph series, the\u00a0<em>ADFL Bulletin, Foreign Language Annals, Hispania,\u00a0<\/em>and other edited volumes. In 1997, Barnes-Karol received the Ricardo A. Narv\u00e1ez Award for excellence in the teaching of Spanish from the Minnesota chapter of the American Association of Teachers of Spanish and Portuguese (AATSP). She has served as a member of the Modern Language Association&#8217;s Kenneth W. Mildenberger Prize Committee, which selects the outstanding book in the field of the teaching of languages other than English, and is currently chair of the Executive Committee for the MLA&#8217;s Division of Teaching. She chaired the Department of Romance Languages at St. Olaf from 2002-2008.<\/p>\n<p><!-- begin-migrated-from-panel-builder --><!-- end-migrated-from-panel-builder --><\/p>\n<\/div>","protected":false},"excerpt":{"rendered":"<p>Professor of SpanishDirector, Foreign Languages Across the Curriculum\u00a0B.A., Central College; M.A., Middlebury College; Ph.D., Minnesota Semester I Office Hours:\u00a0 M 10:30 am &#8211; 12:00 pm W 3:15 &#8211; 4:45 and [&hellip;]<\/p>\n","protected":false},"author":1,"featured_media":0,"parent":0,"menu_order":0,"comment_status":"closed","ping_status":"closed","template":"","meta":{"_acf_changed":false,"footnotes":""},"class_list":["post-13","page","type-page","status-publish","hentry"],"acf":[],"jetpack_sharing_enabled":true,"_links":{"self":[{"href":"https:\/\/wp.stolaf.edu\/spanish\/wp-json\/wp\/v2\/pages\/13","targetHints":{"allow":["GET"]}}],"collection":[{"href":"https:\/\/wp.stolaf.edu\/spanish\/wp-json\/wp\/v2\/pages"}],"about":[{"href":"https:\/\/wp.stolaf.edu\/spanish\/wp-json\/wp\/v2\/types\/page"}],"author":[{"embeddable":true,"href":"https:\/\/wp.stolaf.edu\/spanish\/wp-json\/wp\/v2\/users\/1"}],"replies":[{"embeddable":true,"href":"https:\/\/wp.stolaf.edu\/spanish\/wp-json\/wp\/v2\/comments?post=13"}],"version-history":[{"count":7,"href":"https:\/\/wp.stolaf.edu\/spanish\/wp-json\/wp\/v2\/pages\/13\/revisions"}],"predecessor-version":[{"id":2619,"href":"https:\/\/wp.stolaf.edu\/spanish\/wp-json\/wp\/v2\/pages\/13\/revisions\/2619"}],"wp:attachment":[{"href":"https:\/\/wp.stolaf.edu\/spanish\/wp-json\/wp\/v2\/media?parent=13"}],"curies":[{"name":"wp","href":"https:\/\/api.w.org\/{rel}","templated":true}]}}